{"id":94,"date":"2026-04-15T01:52:08","date_gmt":"2026-04-15T01:52:08","guid":{"rendered":"https:\/\/isometradg.com\/sitios%20historicos%20Leon\/?page_id=94"},"modified":"2026-04-15T06:42:43","modified_gmt":"2026-04-15T06:42:43","slug":"barrio-arriba","status":"publish","type":"page","link":"https:\/\/isometradg.com\/sitios%20historicos%20Leon\/index.php\/barrio-arriba\/","title":{"rendered":"Barrio arriba"},"content":{"rendered":"\t\t<div data-elementor-type=\"wp-page\" data-elementor-id=\"94\" class=\"elementor elementor-94\" data-elementor-post-type=\"page\">\n\t\t\t\t<div class=\"elementor-element elementor-element-aaf9354 e-flex e-con-boxed e-con e-parent\" data-id=\"aaf9354\" data-element_type=\"container\" data-e-type=\"container\">\n\t\t\t\t\t<div class=\"e-con-inner\">\n\t\t<div class=\"elementor-element elementor-element-6dc98b3 e-con-full e-flex e-con e-child\" data-id=\"6dc98b3\" data-element_type=\"container\" data-e-type=\"container\" data-settings=\"{&quot;background_background&quot;:&quot;classic&quot;}\">\n\t\t\t\t<div class=\"elementor-element elementor-element-5031c00 elementor-widget elementor-widget-button\" data-id=\"5031c00\" data-element_type=\"widget\" data-e-type=\"widget\" data-widget_type=\"button.default\">\n\t\t\t\t\t\t\t\t\t\t<a class=\"elementor-button elementor-button-link elementor-size-sm\" href=\"https:\/\/isometradg.com\/sitios%20historicos%20Leon\/index.php\/sitios-historicos-leon\/\">\n\t\t\t\t\t\t<span class=\"elementor-button-content-wrapper\">\n\t\t\t\t\t\t\t\t\t<span class=\"elementor-button-text\">Inicio<\/span>\n\t\t\t\t\t<\/span>\n\t\t\t\t\t<\/a>\n\t\t\t\t\t\t\t\t<\/div>\n\t\t\t\t<div class=\"elementor-element elementor-element-38b7b85 elementor-widget elementor-widget-button\" data-id=\"38b7b85\" data-element_type=\"widget\" data-e-type=\"widget\" data-widget_type=\"button.default\">\n\t\t\t\t\t\t\t\t\t\t<a class=\"elementor-button elementor-button-link elementor-size-sm\" href=\"https:\/\/isometradg.com\/sitios%20historicos%20Leon\/index.php\/barrio-arriba\/#historia\">\n\t\t\t\t\t\t<span class=\"elementor-button-content-wrapper\">\n\t\t\t\t\t\t\t\t\t<span class=\"elementor-button-text\">Historia<\/span>\n\t\t\t\t\t<\/span>\n\t\t\t\t\t<\/a>\n\t\t\t\t\t\t\t\t<\/div>\n\t\t\t\t<div class=\"elementor-element elementor-element-d24c434 elementor-mobile-align-center elementor-widget-mobile__width-inherit elementor-widget elementor-widget-button\" data-id=\"d24c434\" data-element_type=\"widget\" data-e-type=\"widget\" data-widget_type=\"button.default\">\n\t\t\t\t\t\t\t\t\t\t<a class=\"elementor-button elementor-button-link elementor-size-sm\" href=\"https:\/\/isometradg.com\/sitios%20historicos%20Leon\/index.php\/barrio-arriba\/#fotos\">\n\t\t\t\t\t\t<span class=\"elementor-button-content-wrapper\">\n\t\t\t\t\t\t\t\t\t<span class=\"elementor-button-text\">Fotos<\/span>\n\t\t\t\t\t<\/span>\n\t\t\t\t\t<\/a>\n\t\t\t\t\t\t\t\t<\/div>\n\t\t\t\t<div class=\"elementor-element elementor-element-8d09c20 elementor-widget elementor-widget-button\" data-id=\"8d09c20\" data-element_type=\"widget\" data-e-type=\"widget\" data-widget_type=\"button.default\">\n\t\t\t\t\t\t\t\t\t\t<a class=\"elementor-button elementor-button-link elementor-size-sm\" href=\"https:\/\/isometradg.com\/sitios%20historicos%20Leon\/index.php\/barrio-arriba\/#llegar\">\n\t\t\t\t\t\t<span class=\"elementor-button-content-wrapper\">\n\t\t\t\t\t\t\t\t\t<span class=\"elementor-button-text\">C\u00f3mo llegar<\/span>\n\t\t\t\t\t<\/span>\n\t\t\t\t\t<\/a>\n\t\t\t\t\t\t\t\t<\/div>\n\t\t\t\t<\/div>\n\t\t\t\t\t<\/div>\n\t\t\t\t<\/div>\n\t\t<div class=\"elementor-element elementor-element-516c07f e-con-full e-flex e-con e-parent\" data-id=\"516c07f\" data-element_type=\"container\" data-e-type=\"container\" data-settings=\"{&quot;background_background&quot;:&quot;classic&quot;}\">\n\t\t<div class=\"elementor-element elementor-element-b6fee86 e-con-full e-flex e-con e-child\" data-id=\"b6fee86\" data-element_type=\"container\" data-e-type=\"container\" data-settings=\"{&quot;background_background&quot;:&quot;classic&quot;,&quot;background_motion_fx_motion_fx_scrolling&quot;:&quot;yes&quot;,&quot;background_motion_fx_translateY_effect&quot;:&quot;yes&quot;,&quot;background_motion_fx_translateY_speed&quot;:{&quot;unit&quot;:&quot;px&quot;,&quot;size&quot;:10,&quot;sizes&quot;:[]},&quot;background_motion_fx_translateY_affectedRange&quot;:{&quot;unit&quot;:&quot;%&quot;,&quot;size&quot;:&quot;&quot;,&quot;sizes&quot;:{&quot;start&quot;:0,&quot;end&quot;:100}},&quot;background_motion_fx_devices&quot;:[&quot;desktop&quot;,&quot;tablet&quot;,&quot;mobile&quot;]}\">\n\t\t<div class=\"elementor-element elementor-element-09cbb3f e-con-full e-flex elementor-invisible e-con e-child\" data-id=\"09cbb3f\" data-element_type=\"container\" data-e-type=\"container\" data-settings=\"{&quot;background_background&quot;:&quot;classic&quot;,&quot;animation&quot;:&quot;slideInUp&quot;}\">\n\t\t\t\t<div class=\"elementor-element elementor-element-1a0e8c9 elementor-widget elementor-widget-heading\" data-id=\"1a0e8c9\" data-element_type=\"widget\" data-e-type=\"widget\" data-widget_type=\"heading.default\">\n\t\t\t\t\t<h2 class=\"elementor-heading-title elementor-size-default\">BARRIO ARRIBA<\/h2>\t\t\t\t<\/div>\n\t\t\t\t<div class=\"elementor-element elementor-element-68228e6 elementor-widget elementor-widget-heading\" data-id=\"68228e6\" data-element_type=\"widget\" data-e-type=\"widget\" data-widget_type=\"heading.default\">\n\t\t\t\t\t<h2 class=\"elementor-heading-title elementor-size-default\">El Barrio Arriba es \nUno de los barrios m\u00e1s emblem\u00e1ticos, antiguos e hist\u00f3ricos de la ciudad de Le\u00f3n, Guanajuato, consolidado desde finales del siglo XVI. Es famoso por su tradici\u00f3n curtidora y de calzado, su identidad comunitaria arraigada, la festividad de San Nicol\u00e1s Tolentino y el \"Panecito\". <\/h2>\t\t\t\t<\/div>\n\t\t\t\t<\/div>\n\t\t\t\t<\/div>\n\t\t\t\t<\/div>\n\t\t<div class=\"elementor-element elementor-element-c273348 e-con-full e-flex e-con e-parent\" data-id=\"c273348\" data-element_type=\"container\" data-e-type=\"container\">\n\t\t<div class=\"elementor-element elementor-element-284ce3d e-con-full e-flex e-con e-child\" data-id=\"284ce3d\" data-element_type=\"container\" data-e-type=\"container\" data-settings=\"{&quot;background_background&quot;:&quot;classic&quot;}\">\n\t\t\t\t<div class=\"elementor-element elementor-element-2bfcc02 elementor-widget__width-initial elementor-widget elementor-widget-heading\" data-id=\"2bfcc02\" data-element_type=\"widget\" data-e-type=\"widget\" id=\"historia\" data-widget_type=\"heading.default\">\n\t\t\t\t\t<h2 class=\"elementor-heading-title elementor-size-default\">Historia<\/h2>\t\t\t\t<\/div>\n\t\t\t\t<\/div>\n\t\t<div class=\"elementor-element elementor-element-d07fe7f e-con-full e-flex e-con e-child\" data-id=\"d07fe7f\" data-element_type=\"container\" data-e-type=\"container\">\n\t\t\t\t<div class=\"elementor-element elementor-element-eeedad2 elementor-widget__width-initial elementor-widget elementor-widget-heading\" data-id=\"eeedad2\" data-element_type=\"widget\" data-e-type=\"widget\" data-widget_type=\"heading.default\">\n\t\t\t\t\t<h2 class=\"elementor-heading-title elementor-size-default\">Origen: Se estableci\u00f3 alrededor de 1598, siendo pieza clave en el desarrollo urbano de Le\u00f3n.\nIdentidad Tradicional: Hist\u00f3ricamente asociado a la curtidur\u00eda, el calzado y las sillas de montar.\nCoraz\u00f3n Religioso: Alberga el templo de San Nicol\u00e1s Tolentino, centro de devoci\u00f3n del barrio.\nFiestas y Tradiciones: Destaca la celebraci\u00f3n del 10 de septiembre, donde se reparte el tradicional \"panecito\" de San Nicol\u00e1s en la calle Aquiles Cerd\u00e1n.\nAmbiente: Es una comunidad viva, caracterizada por sus banquetas estrechas, casas antiguas y vecinos que se conocen de toda la vida. <\/h2>\t\t\t\t<\/div>\n\t\t\t\t<div class=\"elementor-element elementor-element-c79c576 elementor-invisible elementor-widget elementor-widget-image\" data-id=\"c79c576\" data-element_type=\"widget\" data-e-type=\"widget\" data-settings=\"{&quot;_animation&quot;:&quot;fadeInRight&quot;}\" data-widget_type=\"image.default\">\n\t\t\t\t\t\t\t\t\t\t\t\t\t\t\t<img decoding=\"async\" src=\"https:\/\/isometradg.com\/sitios%20historicos%20Leon\/wp-content\/uploads\/elementor\/thumbs\/barrio-arriba-2-rm12u1frbz6qz445qrcptapig3kx5vy4zj9g9l4k94.jpg\" title=\"barrio arriba 2\" alt=\"barrio arriba 2\" loading=\"lazy\" \/>\t\t\t\t\t\t\t\t\t\t\t\t\t\t\t<\/div>\n\t\t\t\t<\/div>\n\t\t<div class=\"elementor-element elementor-element-9274176 e-con-full e-flex e-con e-child\" data-id=\"9274176\" data-element_type=\"container\" data-e-type=\"container\">\n\t\t\t\t<div class=\"elementor-element elementor-element-af24b79 elementor-invisible elementor-widget elementor-widget-image\" data-id=\"af24b79\" data-element_type=\"widget\" data-e-type=\"widget\" data-settings=\"{&quot;_animation&quot;:&quot;fadeInLeft&quot;}\" data-widget_type=\"image.default\">\n\t\t\t\t\t\t\t\t\t\t\t\t\t\t\t<img decoding=\"async\" src=\"https:\/\/isometradg.com\/sitios%20historicos%20Leon\/wp-content\/uploads\/elementor\/thumbs\/barrio-arriba-3-rm12u2dlit81aq2sl9rcdsgz1hgadl1vbnwxqv362w.jpg\" title=\"barrio arriba 3\" alt=\"barrio arriba 3\" loading=\"lazy\" \/>\t\t\t\t\t\t\t\t\t\t\t\t\t\t\t<\/div>\n\t\t\t\t<div class=\"elementor-element elementor-element-1f4139f elementor-widget__width-initial elementor-widget elementor-widget-heading\" data-id=\"1f4139f\" data-element_type=\"widget\" data-e-type=\"widget\" data-widget_type=\"heading.default\">\n\t\t\t\t\t<h2 class=\"elementor-heading-title elementor-size-default\">Es un punto hist\u00f3rico indispensable para entender la identidad de Le\u00f3n, combinando la producci\u00f3n artesanal con una fuerte devoci\u00f3n religiosa y cultura de barrio.<br>\n\nLUGARES DESCONOCIDOS:<br>\n\nPlaca de los Mulatos<br>\nLas Covachas<br>\nMuseo Primo Quiroz <br><\/h2>\t\t\t\t<\/div>\n\t\t\t\t<\/div>\n\t\t<div class=\"elementor-element elementor-element-4f676a7 e-con-full e-flex e-con e-child\" data-id=\"4f676a7\" data-element_type=\"container\" data-e-type=\"container\" data-settings=\"{&quot;background_background&quot;:&quot;classic&quot;}\">\n\t\t\t\t<div class=\"elementor-element elementor-element-d01eb5b elementor-widget__width-initial elementor-widget elementor-widget-heading\" data-id=\"d01eb5b\" data-element_type=\"widget\" data-e-type=\"widget\" id=\"fotos\" data-widget_type=\"heading.default\">\n\t\t\t\t\t<h2 class=\"elementor-heading-title elementor-size-default\">Fotos<\/h2>\t\t\t\t<\/div>\n\t\t\t\t<\/div>\n\t\t\t\t<div class=\"elementor-element elementor-element-ed553a8 elementor-arrows-position-inside elementor-pagination-position-outside elementor-widget elementor-widget-image-carousel\" data-id=\"ed553a8\" data-element_type=\"widget\" data-e-type=\"widget\" data-settings=\"{&quot;slides_to_show&quot;:&quot;3&quot;,&quot;slides_to_scroll&quot;:&quot;1&quot;,&quot;lazyload&quot;:&quot;yes&quot;,&quot;autoplay_speed&quot;:0,&quot;speed&quot;:9000,&quot;navigation&quot;:&quot;both&quot;,&quot;autoplay&quot;:&quot;yes&quot;,&quot;pause_on_interaction&quot;:&quot;yes&quot;,&quot;infinite&quot;:&quot;yes&quot;}\" data-widget_type=\"image-carousel.default\">\n\t\t\t\t\t\t\t<div class=\"elementor-image-carousel-wrapper swiper\" role=\"region\" aria-roledescription=\"carousel\" aria-label=\"Image Carousel\" dir=\"ltr\">\n\t\t\t<div class=\"elementor-image-carousel swiper-wrapper\" aria-live=\"off\">\n\t\t\t\t\t\t\t\t<div class=\"swiper-slide\" role=\"group\" aria-roledescription=\"slide\" aria-label=\"1 of 5\"><figure class=\"swiper-slide-inner\"><img class=\"swiper-slide-image swiper-lazy\" data-src=\"https:\/\/isometradg.com\/sitios%20historicos%20Leon\/wp-content\/uploads\/elementor\/thumbs\/barrio-arriba-5-rm131vfb2f4c44ktl8dmh8pfmcrenbtw6idy3718dc.jpeg\" alt=\"barrio arriba 5\" \/><div class=\"swiper-lazy-preloader\"><\/div><\/figure><\/div><div class=\"swiper-slide\" role=\"group\" aria-roledescription=\"slide\" aria-label=\"2 of 5\"><figure class=\"swiper-slide-inner\"><img class=\"swiper-slide-image swiper-lazy\" data-src=\"https:\/\/isometradg.com\/sitios%20historicos%20Leon\/wp-content\/uploads\/elementor\/thumbs\/barrio-arriba-1-1-rm12u1fq44ebd3yfbuhjp7v5erdai4qf3qoa46nc80.jpg\" alt=\"barrio arriba 1\" \/><div class=\"swiper-lazy-preloader\"><\/div><\/figure><\/div><div class=\"swiper-slide\" role=\"group\" aria-roledescription=\"slide\" aria-label=\"3 of 5\"><figure class=\"swiper-slide-inner\"><img class=\"swiper-slide-image swiper-lazy\" data-src=\"https:\/\/isometradg.com\/sitios%20historicos%20Leon\/wp-content\/uploads\/elementor\/thumbs\/barrio-arriba-4-rm12u3behsgw0bvp0vasu7e2lj40xixvrzz92qkjvk.jpg\" alt=\"barrio arriba 4\" \/><div class=\"swiper-lazy-preloader\"><\/div><\/figure><\/div><div class=\"swiper-slide\" role=\"group\" aria-roledescription=\"slide\" aria-label=\"4 of 5\"><figure class=\"swiper-slide-inner\"><img class=\"swiper-slide-image swiper-lazy\" data-src=\"https:\/\/isometradg.com\/sitios%20historicos%20Leon\/wp-content\/uploads\/elementor\/thumbs\/barrio-arriba-3-rm12u2dkayflopx26cw69pmm058nptu5fvbrlgly1s.jpg\" alt=\"barrio arriba 3\" \/><div class=\"swiper-lazy-preloader\"><\/div><\/figure><\/div><div class=\"swiper-slide\" role=\"group\" aria-roledescription=\"slide\" aria-label=\"5 of 5\"><figure class=\"swiper-slide-inner\"><img class=\"swiper-slide-image swiper-lazy\" data-src=\"https:\/\/isometradg.com\/sitios%20historicos%20Leon\/wp-content\/uploads\/elementor\/thumbs\/barrio-arriba-2-rm12u1fq44ebd3yfbuhjp7v5erdai4qf3qoa46nc80.jpg\" alt=\"barrio arriba 2\" \/><div class=\"swiper-lazy-preloader\"><\/div><\/figure><\/div>\t\t\t<\/div>\n\t\t\t\t\t\t\t\t\t\t\t\t<div class=\"elementor-swiper-button elementor-swiper-button-prev\" role=\"button\" tabindex=\"0\">\n\t\t\t\t\t\t<svg aria-hidden=\"true\" class=\"e-font-icon-svg e-eicon-chevron-left\" viewBox=\"0 0 1000 1000\" xmlns=\"http:\/\/www.w3.org\/2000\/svg\"><path d=\"M646 125C629 125 613 133 604 142L308 442C296 454 292 471 292 487 292 504 296 521 308 533L604 854C617 867 629 875 646 875 663 875 679 871 692 858 704 846 713 829 713 812 713 796 708 779 692 767L438 487 692 225C700 217 708 204 708 187 708 171 704 154 692 142 675 129 663 125 646 125Z\"><\/path><\/svg>\t\t\t\t\t<\/div>\n\t\t\t\t\t<div class=\"elementor-swiper-button elementor-swiper-button-next\" role=\"button\" tabindex=\"0\">\n\t\t\t\t\t\t<svg aria-hidden=\"true\" class=\"e-font-icon-svg e-eicon-chevron-right\" viewBox=\"0 0 1000 1000\" xmlns=\"http:\/\/www.w3.org\/2000\/svg\"><path d=\"M696 533C708 521 713 504 713 487 713 471 708 454 696 446L400 146C388 133 375 125 354 125 338 125 325 129 313 142 300 154 292 171 292 187 292 204 296 221 308 233L563 492 304 771C292 783 288 800 288 817 288 833 296 850 308 863 321 871 338 875 354 875 371 875 388 867 400 854L696 533Z\"><\/path><\/svg>\t\t\t\t\t<\/div>\n\t\t\t\t\n\t\t\t\t\t\t\t\t\t<div class=\"swiper-pagination\"><\/div>\n\t\t\t\t\t\t\t\t\t<\/div>\n\t\t\t\t\t\t<\/div>\n\t\t<div class=\"elementor-element elementor-element-eaaf837 e-con-full e-flex e-con e-child\" data-id=\"eaaf837\" data-element_type=\"container\" data-e-type=\"container\" data-settings=\"{&quot;background_background&quot;:&quot;classic&quot;}\">\n\t\t\t\t<div class=\"elementor-element elementor-element-b5f9e78 elementor-widget__width-initial elementor-widget-mobile__width-initial elementor-widget elementor-widget-heading\" data-id=\"b5f9e78\" data-element_type=\"widget\" data-e-type=\"widget\" id=\"llegar\" data-widget_type=\"heading.default\">\n\t\t\t\t\t<h2 class=\"elementor-heading-title elementor-size-default\">C\u00f3mo llegar<\/h2>\t\t\t\t<\/div>\n\t\t\t\t<\/div>\n\t\t\t\t<div class=\"elementor-element elementor-element-6dcd139 elementor-widget elementor-widget-google_maps\" data-id=\"6dcd139\" data-element_type=\"widget\" data-e-type=\"widget\" data-widget_type=\"google_maps.default\">\n\t\t\t\t\t\t\t<div class=\"elementor-custom-embed\">\n\t\t\t<iframe loading=\"lazy\"\n\t\t\t\t\tsrc=\"https:\/\/maps.google.com\/maps?q=Jard%C3%ADn%20Allende%20102%2C%20Obregon%2C%2037320%20Le%C3%B3n%20de%20los%20Aldama%2C%20Gto.&#038;t=m&#038;z=15&#038;output=embed&#038;iwloc=near\"\n\t\t\t\t\ttitle=\"Jard\u00edn Allende 102, Obregon, 37320 Le\u00f3n de los Aldama, Gto.\"\n\t\t\t\t\taria-label=\"Jard\u00edn Allende 102, Obregon, 37320 Le\u00f3n de los Aldama, Gto.\"\n\t\t\t><\/iframe>\n\t\t<\/div>\n\t\t\t\t\t\t<\/div>\n\t\t\t\t<\/div>\n\t\t\t\t<\/div>\n\t\t","protected":false},"excerpt":{"rendered":"<p>Inicio Historia Fotos C\u00f3mo llegar BARRIO ARRIBA El Barrio Arriba es Uno de los barrios m\u00e1s emblem\u00e1ticos, antiguos e hist\u00f3ricos de la ciudad de Le\u00f3n, Guanajuato, consolidado desde finales del siglo XVI. Es famoso por su tradici\u00f3n curtidora y de calzado, su identidad comunitaria arraigada, la festividad de San Nicol\u00e1s Tolentino y el &#8220;Panecito&#8221;. Historia [&hellip;]<\/p>\n","protected":false},"author":1,"featured_media":0,"parent":0,"menu_order":0,"comment_status":"closed","ping_status":"closed","template":"elementor_canvas","meta":{"footnotes":""},"class_list":["post-94","page","type-page","status-publish","hentry"],"_links":{"self":[{"href":"https:\/\/isometradg.com\/sitios%20historicos%20Leon\/index.php\/wp-json\/wp\/v2\/pages\/94","targetHints":{"allow":["GET"]}}],"collection":[{"href":"https:\/\/isometradg.com\/sitios%20historicos%20Leon\/index.php\/wp-json\/wp\/v2\/pages"}],"about":[{"href":"https:\/\/isometradg.com\/sitios%20historicos%20Leon\/index.php\/wp-json\/wp\/v2\/types\/page"}],"author":[{"embeddable":true,"href":"https:\/\/isometradg.com\/sitios%20historicos%20Leon\/index.php\/wp-json\/wp\/v2\/users\/1"}],"replies":[{"embeddable":true,"href":"https:\/\/isometradg.com\/sitios%20historicos%20Leon\/index.php\/wp-json\/wp\/v2\/comments?post=94"}],"version-history":[{"count":49,"href":"https:\/\/isometradg.com\/sitios%20historicos%20Leon\/index.php\/wp-json\/wp\/v2\/pages\/94\/revisions"}],"predecessor-version":[{"id":233,"href":"https:\/\/isometradg.com\/sitios%20historicos%20Leon\/index.php\/wp-json\/wp\/v2\/pages\/94\/revisions\/233"}],"wp:attachment":[{"href":"https:\/\/isometradg.com\/sitios%20historicos%20Leon\/index.php\/wp-json\/wp\/v2\/media?parent=94"}],"curies":[{"name":"wp","href":"https:\/\/api.w.org\/{rel}","templated":true}]}}