{"id":104,"date":"2026-04-15T01:56:36","date_gmt":"2026-04-15T01:56:36","guid":{"rendered":"https:\/\/isometradg.com\/sitios%20historicos%20Leon\/?page_id=104"},"modified":"2026-04-15T07:19:45","modified_gmt":"2026-04-15T07:19:45","slug":"los-pozos","status":"publish","type":"page","link":"https:\/\/isometradg.com\/sitios%20historicos%20Leon\/index.php\/los-pozos\/","title":{"rendered":"Los pozos"},"content":{"rendered":"\t\t<div data-elementor-type=\"wp-page\" data-elementor-id=\"104\" class=\"elementor elementor-104\" data-elementor-post-type=\"page\">\n\t\t\t\t<div class=\"elementor-element elementor-element-3195e633 e-flex e-con-boxed e-con e-parent\" data-id=\"3195e633\" data-element_type=\"container\" data-e-type=\"container\">\n\t\t\t\t\t<div class=\"e-con-inner\">\n\t\t<div class=\"elementor-element elementor-element-d2420df e-con-full e-flex e-con e-child\" data-id=\"d2420df\" data-element_type=\"container\" data-e-type=\"container\" data-settings=\"{&quot;background_background&quot;:&quot;classic&quot;}\">\n\t\t\t\t<div class=\"elementor-element elementor-element-69d7980c elementor-widget elementor-widget-button\" data-id=\"69d7980c\" data-element_type=\"widget\" data-e-type=\"widget\" data-widget_type=\"button.default\">\n\t\t\t\t\t\t\t\t\t\t<a class=\"elementor-button elementor-button-link elementor-size-sm\" href=\"https:\/\/isometradg.com\/sitios%20historicos%20Leon\/index.php\/sitios-historicos-leon\/\">\n\t\t\t\t\t\t<span class=\"elementor-button-content-wrapper\">\n\t\t\t\t\t\t\t\t\t<span class=\"elementor-button-text\">Inicio<\/span>\n\t\t\t\t\t<\/span>\n\t\t\t\t\t<\/a>\n\t\t\t\t\t\t\t\t<\/div>\n\t\t\t\t<div class=\"elementor-element elementor-element-15cf08e9 elementor-widget elementor-widget-button\" data-id=\"15cf08e9\" data-element_type=\"widget\" data-e-type=\"widget\" data-widget_type=\"button.default\">\n\t\t\t\t\t\t\t\t\t\t<a class=\"elementor-button elementor-button-link elementor-size-sm\" href=\"https:\/\/isometradg.com\/sitios%20historicos%20Leon\/index.php\/los-pozos\/#historia\">\n\t\t\t\t\t\t<span class=\"elementor-button-content-wrapper\">\n\t\t\t\t\t\t\t\t\t<span class=\"elementor-button-text\">Historia<\/span>\n\t\t\t\t\t<\/span>\n\t\t\t\t\t<\/a>\n\t\t\t\t\t\t\t\t<\/div>\n\t\t\t\t<div class=\"elementor-element elementor-element-16856c48 elementor-mobile-align-center elementor-widget-mobile__width-inherit elementor-widget elementor-widget-button\" data-id=\"16856c48\" data-element_type=\"widget\" data-e-type=\"widget\" data-widget_type=\"button.default\">\n\t\t\t\t\t\t\t\t\t\t<a class=\"elementor-button elementor-button-link elementor-size-sm\" href=\"https:\/\/isometradg.com\/sitios%20historicos%20Leon\/index.php\/los-pozos\/#fotos\">\n\t\t\t\t\t\t<span class=\"elementor-button-content-wrapper\">\n\t\t\t\t\t\t\t\t\t<span class=\"elementor-button-text\">Fotos<\/span>\n\t\t\t\t\t<\/span>\n\t\t\t\t\t<\/a>\n\t\t\t\t\t\t\t\t<\/div>\n\t\t\t\t<div class=\"elementor-element elementor-element-295bc0a elementor-widget elementor-widget-button\" data-id=\"295bc0a\" data-element_type=\"widget\" data-e-type=\"widget\" data-widget_type=\"button.default\">\n\t\t\t\t\t\t\t\t\t\t<a class=\"elementor-button elementor-button-link elementor-size-sm\" href=\"https:\/\/isometradg.com\/sitios%20historicos%20Leon\/index.php\/los-pozos\/#llegar\">\n\t\t\t\t\t\t<span class=\"elementor-button-content-wrapper\">\n\t\t\t\t\t\t\t\t\t<span class=\"elementor-button-text\">C\u00f3mo llegar<\/span>\n\t\t\t\t\t<\/span>\n\t\t\t\t\t<\/a>\n\t\t\t\t\t\t\t\t<\/div>\n\t\t\t\t<\/div>\n\t\t\t\t\t<\/div>\n\t\t\t\t<\/div>\n\t\t<div class=\"elementor-element elementor-element-5fc9e6e1 e-con-full e-flex e-con e-parent\" data-id=\"5fc9e6e1\" data-element_type=\"container\" data-e-type=\"container\" data-settings=\"{&quot;background_background&quot;:&quot;classic&quot;}\">\n\t\t<div class=\"elementor-element elementor-element-28611cc0 e-con-full e-flex e-con e-child\" data-id=\"28611cc0\" data-element_type=\"container\" data-e-type=\"container\" data-settings=\"{&quot;background_background&quot;:&quot;classic&quot;,&quot;background_motion_fx_motion_fx_scrolling&quot;:&quot;yes&quot;,&quot;background_motion_fx_translateY_effect&quot;:&quot;yes&quot;,&quot;background_motion_fx_translateY_speed&quot;:{&quot;unit&quot;:&quot;px&quot;,&quot;size&quot;:10,&quot;sizes&quot;:[]},&quot;background_motion_fx_translateY_affectedRange&quot;:{&quot;unit&quot;:&quot;%&quot;,&quot;size&quot;:&quot;&quot;,&quot;sizes&quot;:{&quot;start&quot;:0,&quot;end&quot;:100}},&quot;background_motion_fx_devices&quot;:[&quot;desktop&quot;,&quot;tablet&quot;,&quot;mobile&quot;]}\">\n\t\t<div class=\"elementor-element elementor-element-45079103 e-con-full e-flex elementor-invisible e-con e-child\" data-id=\"45079103\" data-element_type=\"container\" data-e-type=\"container\" data-settings=\"{&quot;background_background&quot;:&quot;classic&quot;,&quot;animation&quot;:&quot;slideInUp&quot;}\">\n\t\t\t\t<div class=\"elementor-element elementor-element-337e9146 elementor-widget elementor-widget-heading\" data-id=\"337e9146\" data-element_type=\"widget\" data-e-type=\"widget\" data-widget_type=\"heading.default\">\n\t\t\t\t\t<h2 class=\"elementor-heading-title elementor-size-default\">Los pozos<\/h2>\t\t\t\t<\/div>\n\t\t\t\t<div class=\"elementor-element elementor-element-62791b48 elementor-widget elementor-widget-heading\" data-id=\"62791b48\" data-element_type=\"widget\" data-e-type=\"widget\" data-widget_type=\"heading.default\">\n\t\t\t\t\t<h2 class=\"elementor-heading-title elementor-size-default\">Cuenta la leyenda que en tiempos de la colonizaci\u00f3n de los espa\u00f1oles en la Villa de Le\u00f3n, en el a\u00f1o 1586 exist\u00eda un fraile llamado Juan de Cuenca y Vir\u00fales, el cual era una persona dedicada a la caridad. De aspecto bondadoso, el fraile buscaba apaciguar a los chichimecas que reclamaban sus tierras.<\/h2>\t\t\t\t<\/div>\n\t\t\t\t<\/div>\n\t\t\t\t<\/div>\n\t\t\t\t<\/div>\n\t\t<div class=\"elementor-element elementor-element-28735aa8 e-con-full e-flex e-con e-parent\" data-id=\"28735aa8\" data-element_type=\"container\" data-e-type=\"container\">\n\t\t<div class=\"elementor-element elementor-element-51382c5e e-con-full e-flex e-con e-child\" data-id=\"51382c5e\" data-element_type=\"container\" data-e-type=\"container\" data-settings=\"{&quot;background_background&quot;:&quot;classic&quot;}\">\n\t\t\t\t<div class=\"elementor-element elementor-element-5561c148 elementor-widget__width-initial elementor-widget elementor-widget-heading\" data-id=\"5561c148\" data-element_type=\"widget\" data-e-type=\"widget\" id=\"historia\" data-widget_type=\"heading.default\">\n\t\t\t\t\t<h2 class=\"elementor-heading-title elementor-size-default\">Historia<\/h2>\t\t\t\t<\/div>\n\t\t\t\t<\/div>\n\t\t<div class=\"elementor-element elementor-element-5c9d5650 e-con-full e-flex e-con e-child\" data-id=\"5c9d5650\" data-element_type=\"container\" data-e-type=\"container\">\n\t\t\t\t<div class=\"elementor-element elementor-element-51d3f9ed elementor-widget__width-initial elementor-widget elementor-widget-heading\" data-id=\"51d3f9ed\" data-element_type=\"widget\" data-e-type=\"widget\" data-widget_type=\"heading.default\">\n\t\t\t\t\t<h2 class=\"elementor-heading-title elementor-size-default\">Un d\u00eda, cuando sali\u00f3 de su refugio en b\u00fasqueda de algunas personas de su confianza, unos b\u00e1rbaros salieron de su escondite para atacarlo. En ese momento, lo b\u00e1rbaros le lanzaron flechas que lo hirieron a gravedad, provocando casi de inmediato su muerte.\nUno de ellos, el m\u00e1s sanguinario, se acerc\u00f3 al cuerpo inerte y con un objeto retir\u00f3 los ojos azules del rostro de aquel fraile lanz\u00e1ndolos lo m\u00e1s lejos de su propietario<\/h2>\t\t\t\t<\/div>\n\t\t\t\t<div class=\"elementor-element elementor-element-3e8f24da elementor-invisible elementor-widget elementor-widget-image\" data-id=\"3e8f24da\" data-element_type=\"widget\" data-e-type=\"widget\" data-settings=\"{&quot;_animation&quot;:&quot;fadeInRight&quot;}\" data-widget_type=\"image.default\">\n\t\t\t\t\t\t\t\t\t\t\t\t\t\t\t<img decoding=\"async\" src=\"https:\/\/isometradg.com\/sitios%20historicos%20Leon\/wp-content\/uploads\/elementor\/thumbs\/Los-pozos-7-rm17dcw8sora80vx2us4jl1q58ltknb6fvvl3cz154.jpeg\" title=\"Los pozos 7\" alt=\"Los pozos 7\" loading=\"lazy\" \/>\t\t\t\t\t\t\t\t\t\t\t\t\t\t\t<\/div>\n\t\t\t\t<\/div>\n\t\t<div class=\"elementor-element elementor-element-1255272c e-con-full e-flex e-con e-child\" data-id=\"1255272c\" data-element_type=\"container\" data-e-type=\"container\">\n\t\t\t\t<div class=\"elementor-element elementor-element-32da1ff8 elementor-invisible elementor-widget elementor-widget-image\" data-id=\"32da1ff8\" data-element_type=\"widget\" data-e-type=\"widget\" data-settings=\"{&quot;_animation&quot;:&quot;fadeInLeft&quot;}\" data-widget_type=\"image.default\">\n\t\t\t\t\t\t\t\t\t\t\t\t\t\t\t<img decoding=\"async\" src=\"https:\/\/isometradg.com\/sitios%20historicos%20Leon\/wp-content\/uploads\/elementor\/thumbs\/Los-pozos-2-rm170kbbrv8s73gxsboxlt9v2fnysyipck7nxrxxu0.jpeg\" title=\"Los pozos 2\" alt=\"Los pozos 2\" loading=\"lazy\" \/>\t\t\t\t\t\t\t\t\t\t\t\t\t\t\t<\/div>\n\t\t\t\t<div class=\"elementor-element elementor-element-5bfbd11a elementor-widget__width-initial elementor-widget elementor-widget-heading\" data-id=\"5bfbd11a\" data-element_type=\"widget\" data-e-type=\"widget\" data-widget_type=\"heading.default\">\n\t\t\t\t\t<h2 class=\"elementor-heading-title elementor-size-default\">Luego carg\u00f3 el cuerpo en hombros para dirigirse a las orillas de la Villa de Le\u00f3n y abandonarlo en ese lugar.\n\nCuando regres\u00f3 en b\u00fasqueda de aquellos ojos azules que hab\u00eda abandonado, se encontr\u00f3 con dos hilos de agua en donde hab\u00edan estado los ojos, \u00e9l asustado, empez\u00f3 a escarbar encontrando un manantial de agua.\nEn el momento que los ciudadanos de la Villa se percataron de aqu\u00e9l suceso, construyeron dos pozos que inmediatamente se denominaron \"Los Pozos del Fraile\", en los cuales al pasar los a\u00f1os, aument\u00f3 el caudal de agua.<\/h2>\t\t\t\t<\/div>\n\t\t\t\t<\/div>\n\t\t<div class=\"elementor-element elementor-element-3bee8062 e-con-full e-flex e-con e-child\" data-id=\"3bee8062\" data-element_type=\"container\" data-e-type=\"container\" data-settings=\"{&quot;background_background&quot;:&quot;classic&quot;}\">\n\t\t\t\t<div class=\"elementor-element elementor-element-748d4cda elementor-widget__width-initial elementor-widget elementor-widget-heading\" data-id=\"748d4cda\" data-element_type=\"widget\" data-e-type=\"widget\" id=\"fotos\" data-widget_type=\"heading.default\">\n\t\t\t\t\t<h2 class=\"elementor-heading-title elementor-size-default\">Fotos<\/h2>\t\t\t\t<\/div>\n\t\t\t\t<\/div>\n\t\t\t\t<div class=\"elementor-element elementor-element-3ff01f41 elementor-arrows-position-inside elementor-pagination-position-outside elementor-widget elementor-widget-image-carousel\" data-id=\"3ff01f41\" data-element_type=\"widget\" data-e-type=\"widget\" data-settings=\"{&quot;slides_to_show&quot;:&quot;3&quot;,&quot;slides_to_scroll&quot;:&quot;1&quot;,&quot;lazyload&quot;:&quot;yes&quot;,&quot;autoplay_speed&quot;:0,&quot;speed&quot;:9000,&quot;navigation&quot;:&quot;both&quot;,&quot;autoplay&quot;:&quot;yes&quot;,&quot;pause_on_interaction&quot;:&quot;yes&quot;,&quot;infinite&quot;:&quot;yes&quot;}\" data-widget_type=\"image-carousel.default\">\n\t\t\t\t\t\t\t<div class=\"elementor-image-carousel-wrapper swiper\" role=\"region\" aria-roledescription=\"carousel\" aria-label=\"Image Carousel\" dir=\"ltr\">\n\t\t\t<div class=\"elementor-image-carousel swiper-wrapper\" aria-live=\"off\">\n\t\t\t\t\t\t\t\t<div class=\"swiper-slide\" role=\"group\" aria-roledescription=\"slide\" aria-label=\"1 of 6\"><figure class=\"swiper-slide-inner\"><img class=\"swiper-slide-image swiper-lazy\" data-src=\"https:\/\/isometradg.com\/sitios%20historicos%20Leon\/wp-content\/uploads\/elementor\/thumbs\/Los-pozos-6-rm170n4t4ik7jx73wy1n77pvt92fsam6h5ky87cja8.jpg\" alt=\"Los pozos 6\" \/><div class=\"swiper-lazy-preloader\"><\/div><\/figure><\/div><div class=\"swiper-slide\" role=\"group\" aria-roledescription=\"slide\" aria-label=\"2 of 6\"><figure class=\"swiper-slide-inner\"><img class=\"swiper-slide-image swiper-lazy\" data-src=\"https:\/\/isometradg.com\/sitios%20historicos%20Leon\/wp-content\/uploads\/elementor\/thumbs\/Los-pozos-5-rm170m6yxoix8b8h2fn0mpyf7v72klig50xgqxdxgg.jpg\" alt=\"Los pozos 5\" \/><div class=\"swiper-lazy-preloader\"><\/div><\/figure><\/div><div class=\"swiper-slide\" role=\"group\" aria-roledescription=\"slide\" aria-label=\"3 of 6\"><figure class=\"swiper-slide-inner\"><img class=\"swiper-slide-image swiper-lazy\" data-src=\"https:\/\/isometradg.com\/sitios%20historicos%20Leon\/wp-content\/uploads\/elementor\/thumbs\/Los-pozos-4-rm170l94quhmwp9u7x8e286ymhbpcwepsw9z9nfbmo.jpg\" alt=\"Los pozos 4\" \/><div class=\"swiper-lazy-preloader\"><\/div><\/figure><\/div><div class=\"swiper-slide\" role=\"group\" aria-roledescription=\"slide\" aria-label=\"4 of 6\"><figure class=\"swiper-slide-inner\"><img class=\"swiper-slide-image swiper-lazy\" data-src=\"https:\/\/isometradg.com\/sitios%20historicos%20Leon\/wp-content\/uploads\/elementor\/thumbs\/Los-pozos-3-rm170kbak0gcl3b7detrhqfi13gc57azgrmhsdgpsw.jpeg\" alt=\"Los pozos 3\" \/><div class=\"swiper-lazy-preloader\"><\/div><\/figure><\/div><div class=\"swiper-slide\" role=\"group\" aria-roledescription=\"slide\" aria-label=\"5 of 6\"><figure class=\"swiper-slide-inner\"><img class=\"swiper-slide-image swiper-lazy\" data-src=\"https:\/\/isometradg.com\/sitios%20historicos%20Leon\/wp-content\/uploads\/elementor\/thumbs\/Los-pozos-2-rm170kbak0gcl3b7detrhqfi13gc57azgrmhsdgpsw.jpeg\" alt=\"Los pozos 2\" \/><div class=\"swiper-lazy-preloader\"><\/div><\/figure><\/div><div class=\"swiper-slide\" role=\"group\" aria-roledescription=\"slide\" aria-label=\"6 of 6\"><figure class=\"swiper-slide-inner\"><img class=\"swiper-slide-image swiper-lazy\" data-src=\"https:\/\/isometradg.com\/sitios%20historicos%20Leon\/wp-content\/uploads\/elementor\/thumbs\/Los-pozos-1-1-rm170jdgd6f29hckiwf4x8o1fpkyxi794mz0b3i3z4.jpg\" alt=\"Los pozos 1\" \/><div class=\"swiper-lazy-preloader\"><\/div><\/figure><\/div>\t\t\t<\/div>\n\t\t\t\t\t\t\t\t\t\t\t\t<div class=\"elementor-swiper-button elementor-swiper-button-prev\" role=\"button\" tabindex=\"0\">\n\t\t\t\t\t\t<svg aria-hidden=\"true\" class=\"e-font-icon-svg e-eicon-chevron-left\" viewBox=\"0 0 1000 1000\" xmlns=\"http:\/\/www.w3.org\/2000\/svg\"><path d=\"M646 125C629 125 613 133 604 142L308 442C296 454 292 471 292 487 292 504 296 521 308 533L604 854C617 867 629 875 646 875 663 875 679 871 692 858 704 846 713 829 713 812 713 796 708 779 692 767L438 487 692 225C700 217 708 204 708 187 708 171 704 154 692 142 675 129 663 125 646 125Z\"><\/path><\/svg>\t\t\t\t\t<\/div>\n\t\t\t\t\t<div class=\"elementor-swiper-button elementor-swiper-button-next\" role=\"button\" tabindex=\"0\">\n\t\t\t\t\t\t<svg aria-hidden=\"true\" class=\"e-font-icon-svg e-eicon-chevron-right\" viewBox=\"0 0 1000 1000\" xmlns=\"http:\/\/www.w3.org\/2000\/svg\"><path d=\"M696 533C708 521 713 504 713 487 713 471 708 454 696 446L400 146C388 133 375 125 354 125 338 125 325 129 313 142 300 154 292 171 292 187 292 204 296 221 308 233L563 492 304 771C292 783 288 800 288 817 288 833 296 850 308 863 321 871 338 875 354 875 371 875 388 867 400 854L696 533Z\"><\/path><\/svg>\t\t\t\t\t<\/div>\n\t\t\t\t\n\t\t\t\t\t\t\t\t\t<div class=\"swiper-pagination\"><\/div>\n\t\t\t\t\t\t\t\t\t<\/div>\n\t\t\t\t\t\t<\/div>\n\t\t<div class=\"elementor-element elementor-element-7fc5bace e-con-full e-flex e-con e-child\" data-id=\"7fc5bace\" data-element_type=\"container\" data-e-type=\"container\" data-settings=\"{&quot;background_background&quot;:&quot;classic&quot;}\">\n\t\t\t\t<div class=\"elementor-element elementor-element-23ab7fa5 elementor-widget__width-initial elementor-widget-mobile__width-initial elementor-widget elementor-widget-heading\" data-id=\"23ab7fa5\" data-element_type=\"widget\" data-e-type=\"widget\" id=\"llegar\" data-widget_type=\"heading.default\">\n\t\t\t\t\t<h2 class=\"elementor-heading-title elementor-size-default\">C\u00f3mo llegar<\/h2>\t\t\t\t<\/div>\n\t\t\t\t<\/div>\n\t\t\t\t<div class=\"elementor-element elementor-element-3654341 elementor-widget elementor-widget-google_maps\" data-id=\"3654341\" data-element_type=\"widget\" data-e-type=\"widget\" data-widget_type=\"google_maps.default\">\n\t\t\t\t\t\t\t<div class=\"elementor-custom-embed\">\n\t\t\t<iframe loading=\"lazy\"\n\t\t\t\t\tsrc=\"https:\/\/maps.google.com\/maps?q=37340%2C%20San%20Juan%20de%20Los%20Lagos%20307%2C%20Obrera%2C%2037340%20Le%C3%B3n%20de%20los%20Aldama%2C%20Gto.&#038;t=m&#038;z=15&#038;output=embed&#038;iwloc=near\"\n\t\t\t\t\ttitle=\"37340, San Juan de Los Lagos 307, Obrera, 37340 Le\u00f3n de los Aldama, Gto.\"\n\t\t\t\t\taria-label=\"37340, San Juan de Los Lagos 307, Obrera, 37340 Le\u00f3n de los Aldama, Gto.\"\n\t\t\t><\/iframe>\n\t\t<\/div>\n\t\t\t\t\t\t<\/div>\n\t\t\t\t<\/div>\n\t\t<div class=\"elementor-element elementor-element-2e49750 e-flex e-con-boxed e-con e-parent\" data-id=\"2e49750\" data-element_type=\"container\" data-e-type=\"container\">\n\t\t\t\t\t<div class=\"e-con-inner\">\n\t\t\t\t\t<\/div>\n\t\t\t\t<\/div>\n\t\t\t\t<\/div>\n\t\t","protected":false},"excerpt":{"rendered":"<p>Inicio Historia Fotos C\u00f3mo llegar Los pozos Cuenta la leyenda que en tiempos de la colonizaci\u00f3n de los espa\u00f1oles en la Villa de Le\u00f3n, en el a\u00f1o 1586 exist\u00eda un fraile llamado Juan de Cuenca y Vir\u00fales, el cual era una persona dedicada a la caridad. De aspecto bondadoso, el fraile buscaba apaciguar a los [&hellip;]<\/p>\n","protected":false},"author":1,"featured_media":0,"parent":0,"menu_order":0,"comment_status":"closed","ping_status":"closed","template":"elementor_canvas","meta":{"footnotes":""},"class_list":["post-104","page","type-page","status-publish","hentry"],"_links":{"self":[{"href":"https:\/\/isometradg.com\/sitios%20historicos%20Leon\/index.php\/wp-json\/wp\/v2\/pages\/104","targetHints":{"allow":["GET"]}}],"collection":[{"href":"https:\/\/isometradg.com\/sitios%20historicos%20Leon\/index.php\/wp-json\/wp\/v2\/pages"}],"about":[{"href":"https:\/\/isometradg.com\/sitios%20historicos%20Leon\/index.php\/wp-json\/wp\/v2\/types\/page"}],"author":[{"embeddable":true,"href":"https:\/\/isometradg.com\/sitios%20historicos%20Leon\/index.php\/wp-json\/wp\/v2\/users\/1"}],"replies":[{"embeddable":true,"href":"https:\/\/isometradg.com\/sitios%20historicos%20Leon\/index.php\/wp-json\/wp\/v2\/comments?post=104"}],"version-history":[{"count":7,"href":"https:\/\/isometradg.com\/sitios%20historicos%20Leon\/index.php\/wp-json\/wp\/v2\/pages\/104\/revisions"}],"predecessor-version":[{"id":270,"href":"https:\/\/isometradg.com\/sitios%20historicos%20Leon\/index.php\/wp-json\/wp\/v2\/pages\/104\/revisions\/270"}],"wp:attachment":[{"href":"https:\/\/isometradg.com\/sitios%20historicos%20Leon\/index.php\/wp-json\/wp\/v2\/media?parent=104"}],"curies":[{"name":"wp","href":"https:\/\/api.w.org\/{rel}","templated":true}]}}