{"id":102,"date":"2026-04-15T01:56:12","date_gmt":"2026-04-15T01:56:12","guid":{"rendered":"https:\/\/isometradg.com\/sitios%20historicos%20Leon\/?page_id=102"},"modified":"2026-04-15T08:58:05","modified_gmt":"2026-04-15T08:58:05","slug":"templo-de-nuestra-senora-del-refugio","status":"publish","type":"page","link":"https:\/\/isometradg.com\/sitios%20historicos%20Leon\/index.php\/templo-de-nuestra-senora-del-refugio\/","title":{"rendered":"Templo de Nuestra Se\u00f1ora del Refugio"},"content":{"rendered":"\t\t<div data-elementor-type=\"wp-page\" data-elementor-id=\"102\" class=\"elementor elementor-102\" data-elementor-post-type=\"page\">\n\t\t\t\t<div class=\"elementor-element elementor-element-760540d2 e-flex e-con-boxed e-con e-parent\" data-id=\"760540d2\" data-element_type=\"container\" data-e-type=\"container\">\n\t\t\t\t\t<div class=\"e-con-inner\">\n\t\t<div class=\"elementor-element elementor-element-537ead23 e-con-full e-flex e-con e-child\" data-id=\"537ead23\" data-element_type=\"container\" data-e-type=\"container\" data-settings=\"{&quot;background_background&quot;:&quot;classic&quot;}\">\n\t\t\t\t<div class=\"elementor-element elementor-element-58ad4459 elementor-widget elementor-widget-button\" data-id=\"58ad4459\" data-element_type=\"widget\" data-e-type=\"widget\" data-widget_type=\"button.default\">\n\t\t\t\t\t\t\t\t\t\t<a class=\"elementor-button elementor-button-link elementor-size-sm\" href=\"https:\/\/isometradg.com\/sitios%20historicos%20Leon\/index.php\/sitios-historicos-leon\/\">\n\t\t\t\t\t\t<span class=\"elementor-button-content-wrapper\">\n\t\t\t\t\t\t\t\t\t<span class=\"elementor-button-text\">Inicio<\/span>\n\t\t\t\t\t<\/span>\n\t\t\t\t\t<\/a>\n\t\t\t\t\t\t\t\t<\/div>\n\t\t\t\t<div class=\"elementor-element elementor-element-109f09f0 elementor-widget elementor-widget-button\" data-id=\"109f09f0\" data-element_type=\"widget\" data-e-type=\"widget\" data-widget_type=\"button.default\">\n\t\t\t\t\t\t\t\t\t\t<a class=\"elementor-button elementor-button-link elementor-size-sm\" href=\"https:\/\/isometradg.com\/sitios%20historicos%20Leon\/index.php\/templo-de-nuestra-senora-del-refugio\/#historia\">\n\t\t\t\t\t\t<span class=\"elementor-button-content-wrapper\">\n\t\t\t\t\t\t\t\t\t<span class=\"elementor-button-text\">Historia<\/span>\n\t\t\t\t\t<\/span>\n\t\t\t\t\t<\/a>\n\t\t\t\t\t\t\t\t<\/div>\n\t\t\t\t<div class=\"elementor-element elementor-element-2dfbb493 elementor-mobile-align-center elementor-widget-mobile__width-inherit elementor-widget elementor-widget-button\" data-id=\"2dfbb493\" data-element_type=\"widget\" data-e-type=\"widget\" data-widget_type=\"button.default\">\n\t\t\t\t\t\t\t\t\t\t<a class=\"elementor-button elementor-button-link elementor-size-sm\" href=\"https:\/\/isometradg.com\/sitios%20historicos%20Leon\/index.php\/templo-de-nuestra-senora-del-refugio\/#fotos\">\n\t\t\t\t\t\t<span class=\"elementor-button-content-wrapper\">\n\t\t\t\t\t\t\t\t\t<span class=\"elementor-button-text\">Fotos<\/span>\n\t\t\t\t\t<\/span>\n\t\t\t\t\t<\/a>\n\t\t\t\t\t\t\t\t<\/div>\n\t\t\t\t<div class=\"elementor-element elementor-element-14679dbd elementor-widget elementor-widget-button\" data-id=\"14679dbd\" data-element_type=\"widget\" data-e-type=\"widget\" data-widget_type=\"button.default\">\n\t\t\t\t\t\t\t\t\t\t<a class=\"elementor-button elementor-button-link elementor-size-sm\" href=\"https:\/\/isometradg.com\/sitios%20historicos%20Leon\/index.php\/templo-de-nuestra-senora-del-refugio\/#llegar\">\n\t\t\t\t\t\t<span class=\"elementor-button-content-wrapper\">\n\t\t\t\t\t\t\t\t\t<span class=\"elementor-button-text\">C\u00f3mo llegar<\/span>\n\t\t\t\t\t<\/span>\n\t\t\t\t\t<\/a>\n\t\t\t\t\t\t\t\t<\/div>\n\t\t\t\t<\/div>\n\t\t\t\t\t<\/div>\n\t\t\t\t<\/div>\n\t\t<div class=\"elementor-element elementor-element-5f3da146 e-con-full e-flex e-con e-parent\" data-id=\"5f3da146\" data-element_type=\"container\" data-e-type=\"container\" data-settings=\"{&quot;background_background&quot;:&quot;classic&quot;}\">\n\t\t<div class=\"elementor-element elementor-element-7dfadb49 e-con-full e-flex e-con e-child\" data-id=\"7dfadb49\" data-element_type=\"container\" data-e-type=\"container\" data-settings=\"{&quot;background_background&quot;:&quot;classic&quot;,&quot;background_motion_fx_motion_fx_scrolling&quot;:&quot;yes&quot;,&quot;background_motion_fx_translateY_effect&quot;:&quot;yes&quot;,&quot;background_motion_fx_translateY_speed&quot;:{&quot;unit&quot;:&quot;px&quot;,&quot;size&quot;:10,&quot;sizes&quot;:[]},&quot;background_motion_fx_translateY_affectedRange&quot;:{&quot;unit&quot;:&quot;%&quot;,&quot;size&quot;:&quot;&quot;,&quot;sizes&quot;:{&quot;start&quot;:0,&quot;end&quot;:100}},&quot;background_motion_fx_devices&quot;:[&quot;desktop&quot;,&quot;tablet&quot;,&quot;mobile&quot;]}\">\n\t\t<div class=\"elementor-element elementor-element-72aa6809 e-con-full e-flex elementor-invisible e-con e-child\" data-id=\"72aa6809\" data-element_type=\"container\" data-e-type=\"container\" data-settings=\"{&quot;background_background&quot;:&quot;classic&quot;,&quot;animation&quot;:&quot;slideInUp&quot;}\">\n\t\t\t\t<div class=\"elementor-element elementor-element-402cfe0a elementor-widget elementor-widget-heading\" data-id=\"402cfe0a\" data-element_type=\"widget\" data-e-type=\"widget\" data-widget_type=\"heading.default\">\n\t\t\t\t\t<h2 class=\"elementor-heading-title elementor-size-default\">Templo de Nuestra Se\u00f1ora del Refugio\n<\/h2>\t\t\t\t<\/div>\n\t\t\t\t<div class=\"elementor-element elementor-element-7a89fd56 elementor-widget elementor-widget-heading\" data-id=\"7a89fd56\" data-element_type=\"widget\" data-e-type=\"widget\" data-widget_type=\"heading.default\">\n\t\t\t\t\t<h2 class=\"elementor-heading-title elementor-size-default\">Adem\u00e1s de su significado espiritual, el templo es notable por su arquitectura y las obras de arte que alberga. Las pinturas y esculturas dentro del templo reflejan la riqueza de la tradici\u00f3n cat\u00f3lica y la habilidad de los artistas locales. Es un testimonio de la cultura y el arte religioso que se ha preservado a lo largo de los a\u00f1os en esta regi\u00f3n.<\/h2>\t\t\t\t<\/div>\n\t\t\t\t<\/div>\n\t\t\t\t<\/div>\n\t\t\t\t<\/div>\n\t\t<div class=\"elementor-element elementor-element-5f1f43fd e-con-full e-flex e-con e-parent\" data-id=\"5f1f43fd\" data-element_type=\"container\" data-e-type=\"container\">\n\t\t<div class=\"elementor-element elementor-element-4315207d e-con-full e-flex e-con e-child\" data-id=\"4315207d\" data-element_type=\"container\" data-e-type=\"container\" data-settings=\"{&quot;background_background&quot;:&quot;classic&quot;}\">\n\t\t\t\t<div class=\"elementor-element elementor-element-7e8f48e3 elementor-widget__width-initial elementor-widget elementor-widget-heading\" data-id=\"7e8f48e3\" data-element_type=\"widget\" data-e-type=\"widget\" id=\"historia\" data-widget_type=\"heading.default\">\n\t\t\t\t\t<h2 class=\"elementor-heading-title elementor-size-default\">Historia<\/h2>\t\t\t\t<\/div>\n\t\t\t\t<\/div>\n\t\t<div class=\"elementor-element elementor-element-1f630f9 e-con-full e-flex e-con e-child\" data-id=\"1f630f9\" data-element_type=\"container\" data-e-type=\"container\">\n\t\t\t\t<div class=\"elementor-element elementor-element-7802792b elementor-widget__width-initial elementor-widget elementor-widget-heading\" data-id=\"7802792b\" data-element_type=\"widget\" data-e-type=\"widget\" data-widget_type=\"heading.default\">\n\t\t\t\t\t<h2 class=\"elementor-heading-title elementor-size-default\">Templo de Nuestra Se\u00f1ora del Refugio es \nIniciada su construcci\u00f3n en 1950, gracias a las donaciones de la comunidad local y especialmente de don Rigoberto Becerra y do\u00f1a Mar\u00eda Luisa, el Templo de Nuestra Se\u00f1ora del Refugio ha sido un proyecto de fe y perseverancia. Con su dise\u00f1o neocl\u00e1sico, el templo se destaca no solo por su belleza sino tambi\u00e9n por su historia de resiliencia, superando desaf\u00edos como inundaciones y la persecuci\u00f3n religiosa durante la \u00e9poca cristera.<\/h2>\t\t\t\t<\/div>\n\t\t\t\t<div class=\"elementor-element elementor-element-6ca642 elementor-invisible elementor-widget elementor-widget-image\" data-id=\"6ca642\" data-element_type=\"widget\" data-e-type=\"widget\" data-settings=\"{&quot;_animation&quot;:&quot;fadeInRight&quot;}\" data-widget_type=\"image.default\">\n\t\t\t\t\t\t\t\t\t\t\t\t\t\t\t<img decoding=\"async\" src=\"https:\/\/isometradg.com\/sitios%20historicos%20Leon\/wp-content\/uploads\/elementor\/thumbs\/templo-11-rm1bh8u42b7cve2lis30u9kirnosmaeuruxralp66g.jpg\" title=\"templo 11\" alt=\"templo 11\" loading=\"lazy\" \/>\t\t\t\t\t\t\t\t\t\t\t\t\t\t\t<\/div>\n\t\t\t\t<\/div>\n\t\t<div class=\"elementor-element elementor-element-60236910 e-con-full e-flex e-con e-child\" data-id=\"60236910\" data-element_type=\"container\" data-e-type=\"container\">\n\t\t\t\t<div class=\"elementor-element elementor-element-54ff9398 elementor-invisible elementor-widget elementor-widget-image\" data-id=\"54ff9398\" data-element_type=\"widget\" data-e-type=\"widget\" data-settings=\"{&quot;_animation&quot;:&quot;fadeInLeft&quot;}\" data-widget_type=\"image.default\">\n\t\t\t\t\t\t\t\t\t\t\t\t\t\t\t<img decoding=\"async\" src=\"https:\/\/isometradg.com\/sitios%20historicos%20Leon\/wp-content\/uploads\/elementor\/thumbs\/Templo-de-Nuestra-Senora-del-Refugio-1-rm1bens39pnyxztrm5uyhf1vyifgg95ff2cos7j5ag.jpg\" title=\"Templo de Nuestra Se\u00f1ora del Refugio\" alt=\"Templo de Nuestra Se\u00f1ora del Refugio\" loading=\"lazy\" \/>\t\t\t\t\t\t\t\t\t\t\t\t\t\t\t<\/div>\n\t\t\t\t<div class=\"elementor-element elementor-element-775b3fd1 elementor-widget__width-initial elementor-widget elementor-widget-heading\" data-id=\"775b3fd1\" data-element_type=\"widget\" data-e-type=\"widget\" data-widget_type=\"heading.default\">\n\t\t\t\t\t<h2 class=\"elementor-heading-title elementor-size-default\">El Templo de Nuestra Se\u00f1ora del Refugio est\u00e1 situado en la cima del Cerro Gordo, ofreciendo una de las mejores vistas panor\u00e1micas de Le\u00f3n. Es un lugar perfecto para contemplar la ciudad mientras se disfruta de la paz que ofrece este espacio sagrado. La vista desde este punto es tan espectacular que se ha convertido en un lugar favorito para los locales y turistas que desean capturar la belleza de Le\u00f3n desde las alturas.<\/h2>\t\t\t\t<\/div>\n\t\t\t\t<\/div>\n\t\t<div class=\"elementor-element elementor-element-14c7f56c e-con-full e-flex e-con e-child\" data-id=\"14c7f56c\" data-element_type=\"container\" data-e-type=\"container\" data-settings=\"{&quot;background_background&quot;:&quot;classic&quot;}\">\n\t\t\t\t<div class=\"elementor-element elementor-element-60f81206 elementor-widget__width-initial elementor-widget elementor-widget-heading\" data-id=\"60f81206\" data-element_type=\"widget\" data-e-type=\"widget\" id=\"fotos\" data-widget_type=\"heading.default\">\n\t\t\t\t\t<h2 class=\"elementor-heading-title elementor-size-default\">Fotos<\/h2>\t\t\t\t<\/div>\n\t\t\t\t<\/div>\n\t\t\t\t<div class=\"elementor-element elementor-element-4b60be14 elementor-arrows-position-inside elementor-pagination-position-outside elementor-widget elementor-widget-image-carousel\" data-id=\"4b60be14\" data-element_type=\"widget\" data-e-type=\"widget\" data-settings=\"{&quot;slides_to_show&quot;:&quot;3&quot;,&quot;slides_to_scroll&quot;:&quot;1&quot;,&quot;lazyload&quot;:&quot;yes&quot;,&quot;autoplay_speed&quot;:0,&quot;speed&quot;:9000,&quot;navigation&quot;:&quot;both&quot;,&quot;autoplay&quot;:&quot;yes&quot;,&quot;pause_on_interaction&quot;:&quot;yes&quot;,&quot;infinite&quot;:&quot;yes&quot;}\" data-widget_type=\"image-carousel.default\">\n\t\t\t\t\t\t\t<div class=\"elementor-image-carousel-wrapper swiper\" role=\"region\" aria-roledescription=\"carousel\" aria-label=\"Image Carousel\" dir=\"ltr\">\n\t\t\t<div class=\"elementor-image-carousel swiper-wrapper\" aria-live=\"off\">\n\t\t\t\t\t\t\t\t<div class=\"swiper-slide\" role=\"group\" aria-roledescription=\"slide\" aria-label=\"1 of 15\"><figure class=\"swiper-slide-inner\"><img class=\"swiper-slide-image swiper-lazy\" data-src=\"https:\/\/isometradg.com\/sitios%20historicos%20Leon\/wp-content\/uploads\/elementor\/thumbs\/templo9-rm1beopw8owtnlmo1reextyzik37071fvef0430j34.jpg\" alt=\"templo9\" \/><div class=\"swiper-lazy-preloader\"><\/div><\/figure><\/div><div class=\"swiper-slide\" role=\"group\" aria-roledescription=\"slide\" aria-label=\"2 of 15\"><figure class=\"swiper-slide-inner\"><img class=\"swiper-slide-image swiper-lazy\" data-src=\"https:\/\/isometradg.com\/sitios%20historicos%20Leon\/wp-content\/uploads\/elementor\/thumbs\/Templo-de-Nuestra-Senora-del-Refugio-1-rm1bens21uvjbzo178zsdc7ix67tshxpj9rimt1x9c.jpg\" alt=\"Templo de Nuestra Se\u00f1ora del Refugio\" \/><div class=\"swiper-lazy-preloader\"><\/div><\/figure><\/div><div class=\"swiper-slide\" role=\"group\" aria-roledescription=\"slide\" aria-label=\"3 of 15\"><figure class=\"swiper-slide-inner\"><img class=\"swiper-slide-image swiper-lazy\" data-src=\"https:\/\/isometradg.com\/sitios%20historicos%20Leon\/wp-content\/uploads\/elementor\/thumbs\/templo-10-rm1bens21uvjbzo178zsdc7ix67tshxpj9rimt1x9c.jpg\" alt=\"templo 10\" \/><div class=\"swiper-lazy-preloader\"><\/div><\/figure><\/div><div class=\"swiper-slide\" role=\"group\" aria-roledescription=\"slide\" aria-label=\"4 of 15\"><figure class=\"swiper-slide-inner\"><img class=\"swiper-slide-image swiper-lazy\" data-src=\"https:\/\/isometradg.com\/sitios%20historicos%20Leon\/wp-content\/uploads\/elementor\/thumbs\/templo-9-rm1bemu7v0u90dpecql5sug2bscgkstz75415j3bfk.jpg\" alt=\"templo 9\" \/><div class=\"swiper-lazy-preloader\"><\/div><\/figure><\/div><div class=\"swiper-slide\" role=\"group\" aria-roledescription=\"slide\" aria-label=\"5 of 15\"><figure class=\"swiper-slide-inner\"><img class=\"swiper-slide-image swiper-lazy\" data-src=\"https:\/\/isometradg.com\/sitios%20historicos%20Leon\/wp-content\/uploads\/elementor\/thumbs\/templo-8-rm1bemu7v0u90dpecql5sug2bscgkstz75415j3bfk.jpg\" alt=\"templo 8\" \/><div class=\"swiper-lazy-preloader\"><\/div><\/figure><\/div><div class=\"swiper-slide\" role=\"group\" aria-roledescription=\"slide\" aria-label=\"6 of 15\"><figure class=\"swiper-slide-inner\"><img class=\"swiper-slide-image swiper-lazy\" data-src=\"https:\/\/isometradg.com\/sitios%20historicos%20Leon\/wp-content\/uploads\/elementor\/thumbs\/templo-7-rm1belwdo6syorqri86j8colqeh3d3q8v0gjo94pls.jpg\" alt=\"templo 7\" \/><div class=\"swiper-lazy-preloader\"><\/div><\/figure><\/div><div class=\"swiper-slide\" role=\"group\" aria-roledescription=\"slide\" aria-label=\"7 of 15\"><figure class=\"swiper-slide-inner\"><img class=\"swiper-slide-image swiper-lazy\" data-src=\"https:\/\/isometradg.com\/sitios%20historicos%20Leon\/wp-content\/uploads\/elementor\/thumbs\/templo-6-rm1belwdo6syorqri86j8colqeh3d3q8v0gjo94pls.jpg\" alt=\"templo 6\" \/><div class=\"swiper-lazy-preloader\"><\/div><\/figure><\/div><div class=\"swiper-slide\" role=\"group\" aria-roledescription=\"slide\" aria-label=\"8 of 15\"><figure class=\"swiper-slide-inner\"><img class=\"swiper-slide-image swiper-lazy\" data-src=\"https:\/\/isometradg.com\/sitios%20historicos%20Leon\/wp-content\/uploads\/elementor\/thumbs\/templo-5-rm1bekyjhcrod5s4nprwnux550lq5emiivt26z63s0.jpg\" alt=\"templo 5\" \/><div class=\"swiper-lazy-preloader\"><\/div><\/figure><\/div><div class=\"swiper-slide\" role=\"group\" aria-roledescription=\"slide\" aria-label=\"9 of 15\"><figure class=\"swiper-slide-inner\"><img class=\"swiper-slide-image swiper-lazy\" data-src=\"https:\/\/isometradg.com\/sitios%20historicos%20Leon\/wp-content\/uploads\/elementor\/thumbs\/templo-4-rm1bekyjhcrod5s4nprwnux550lq5emiivt26z63s0.jpg\" alt=\"templo 4\" \/><div class=\"swiper-lazy-preloader\"><\/div><\/figure><\/div><div class=\"swiper-slide\" role=\"group\" aria-roledescription=\"slide\" aria-label=\"10 of 15\"><figure class=\"swiper-slide-inner\"><img class=\"swiper-slide-image swiper-lazy\" data-src=\"https:\/\/isometradg.com\/sitios%20historicos%20Leon\/wp-content\/uploads\/elementor\/thumbs\/templo-3-rm1bekyjhcrod5s4nprwnux550lq5emiivt26z63s0.jpg\" alt=\"templo 3\" \/><div class=\"swiper-lazy-preloader\"><\/div><\/figure><\/div><div class=\"swiper-slide\" role=\"group\" aria-roledescription=\"slide\" aria-label=\"11 of 15\"><figure class=\"swiper-slide-inner\"><img class=\"swiper-slide-image swiper-lazy\" data-src=\"https:\/\/isometradg.com\/sitios%20historicos%20Leon\/wp-content\/uploads\/elementor\/thumbs\/templo-2-rm1bek0paiqe1jtht7da3d5ojmqcxpis6r5kpp7hy8.jpg\" alt=\"templo 2\" \/><div class=\"swiper-lazy-preloader\"><\/div><\/figure><\/div><div class=\"swiper-slide\" role=\"group\" aria-roledescription=\"slide\" aria-label=\"12 of 15\"><figure class=\"swiper-slide-inner\"><img class=\"swiper-slide-image swiper-lazy\" data-src=\"https:\/\/isometradg.com\/sitios%20historicos%20Leon\/wp-content\/uploads\/elementor\/thumbs\/templo-1-rm1bek0paiqe1jtht7da3d5ojmqcxpis6r5kpp7hy8.jpg\" alt=\"templo 1\" \/><div class=\"swiper-lazy-preloader\"><\/div><\/figure><\/div><div class=\"swiper-slide\" role=\"group\" aria-roledescription=\"slide\" aria-label=\"13 of 15\"><figure class=\"swiper-slide-inner\"><img class=\"swiper-slide-image swiper-lazy\" data-src=\"https:\/\/isometradg.com\/sitios%20historicos%20Leon\/wp-content\/uploads\/elementor\/thumbs\/te-rm1bktlyurb7fypt7wvqps8b43ug92ed1rq3w3x0gw.jpg\" alt=\"te\" \/><div class=\"swiper-lazy-preloader\"><\/div><\/figure><\/div><div class=\"swiper-slide\" role=\"group\" aria-roledescription=\"slide\" aria-label=\"14 of 15\"><figure class=\"swiper-slide-inner\"><img class=\"swiper-slide-image swiper-lazy\" data-src=\"https:\/\/isometradg.com\/sitios%20historicos%20Leon\/wp-content\/uploads\/elementor\/thumbs\/te1-rm1bktlyurb7fypt7wvqps8b43ug92ed1rq3w3x0gw.jpg\" alt=\"te1\" \/><div class=\"swiper-lazy-preloader\"><\/div><\/figure><\/div><div class=\"swiper-slide\" role=\"group\" aria-roledescription=\"slide\" aria-label=\"15 of 15\"><figure class=\"swiper-slide-inner\"><img class=\"swiper-slide-image swiper-lazy\" data-src=\"https:\/\/isometradg.com\/sitios%20historicos%20Leon\/wp-content\/uploads\/elementor\/thumbs\/te3-rm1bktlyurb7fypt7wvqps8b43ug92ed1rq3w3x0gw.jpg\" alt=\"te3\" \/><div class=\"swiper-lazy-preloader\"><\/div><\/figure><\/div>\t\t\t<\/div>\n\t\t\t\t\t\t\t\t\t\t\t\t<div class=\"elementor-swiper-button elementor-swiper-button-prev\" role=\"button\" tabindex=\"0\">\n\t\t\t\t\t\t<svg aria-hidden=\"true\" class=\"e-font-icon-svg e-eicon-chevron-left\" viewBox=\"0 0 1000 1000\" xmlns=\"http:\/\/www.w3.org\/2000\/svg\"><path d=\"M646 125C629 125 613 133 604 142L308 442C296 454 292 471 292 487 292 504 296 521 308 533L604 854C617 867 629 875 646 875 663 875 679 871 692 858 704 846 713 829 713 812 713 796 708 779 692 767L438 487 692 225C700 217 708 204 708 187 708 171 704 154 692 142 675 129 663 125 646 125Z\"><\/path><\/svg>\t\t\t\t\t<\/div>\n\t\t\t\t\t<div class=\"elementor-swiper-button elementor-swiper-button-next\" role=\"button\" tabindex=\"0\">\n\t\t\t\t\t\t<svg aria-hidden=\"true\" class=\"e-font-icon-svg e-eicon-chevron-right\" viewBox=\"0 0 1000 1000\" xmlns=\"http:\/\/www.w3.org\/2000\/svg\"><path d=\"M696 533C708 521 713 504 713 487 713 471 708 454 696 446L400 146C388 133 375 125 354 125 338 125 325 129 313 142 300 154 292 171 292 187 292 204 296 221 308 233L563 492 304 771C292 783 288 800 288 817 288 833 296 850 308 863 321 871 338 875 354 875 371 875 388 867 400 854L696 533Z\"><\/path><\/svg>\t\t\t\t\t<\/div>\n\t\t\t\t\n\t\t\t\t\t\t\t\t\t<div class=\"swiper-pagination\"><\/div>\n\t\t\t\t\t\t\t\t\t<\/div>\n\t\t\t\t\t\t<\/div>\n\t\t<div class=\"elementor-element elementor-element-39d8ecfd e-con-full e-flex e-con e-child\" data-id=\"39d8ecfd\" data-element_type=\"container\" data-e-type=\"container\" data-settings=\"{&quot;background_background&quot;:&quot;classic&quot;}\">\n\t\t\t\t<div class=\"elementor-element elementor-element-6fbd40fa elementor-widget__width-initial elementor-widget-mobile__width-initial elementor-widget elementor-widget-heading\" data-id=\"6fbd40fa\" data-element_type=\"widget\" data-e-type=\"widget\" id=\"llegar\" data-widget_type=\"heading.default\">\n\t\t\t\t\t<h2 class=\"elementor-heading-title elementor-size-default\">C\u00f3mo llegar<\/h2>\t\t\t\t<\/div>\n\t\t\t\t<\/div>\n\t\t\t\t<div class=\"elementor-element elementor-element-6ee4c766 elementor-widget elementor-widget-google_maps\" data-id=\"6ee4c766\" data-element_type=\"widget\" data-e-type=\"widget\" data-widget_type=\"google_maps.default\">\n\t\t\t\t\t\t\t<div class=\"elementor-custom-embed\">\n\t\t\t<iframe loading=\"lazy\"\n\t\t\t\t\tsrc=\"https:\/\/maps.google.com\/maps?q=Molino%20de%20Las%20Flores%20209%2C%20Bosques%20del%20Refugio%2C%2037123%20Le%C3%B3n%20de%20los%20Aldama%2C%20Gto.&#038;t=m&#038;z=15&#038;output=embed&#038;iwloc=near\"\n\t\t\t\t\ttitle=\"Molino de Las Flores 209, Bosques del Refugio, 37123 Le\u00f3n de los Aldama, Gto.\"\n\t\t\t\t\taria-label=\"Molino de Las Flores 209, Bosques del Refugio, 37123 Le\u00f3n de los Aldama, Gto.\"\n\t\t\t><\/iframe>\n\t\t<\/div>\n\t\t\t\t\t\t<\/div>\n\t\t\t\t<\/div>\n\t\t\t\t<\/div>\n\t\t","protected":false},"excerpt":{"rendered":"<p>Inicio Historia Fotos C\u00f3mo llegar Templo de Nuestra Se\u00f1ora del Refugio Adem\u00e1s de su significado espiritual, el templo es notable por su arquitectura y las obras de arte que alberga. Las pinturas y esculturas dentro del templo reflejan la riqueza de la tradici\u00f3n cat\u00f3lica y la habilidad de los artistas locales. Es un testimonio de [&hellip;]<\/p>\n","protected":false},"author":1,"featured_media":0,"parent":0,"menu_order":0,"comment_status":"closed","ping_status":"closed","template":"elementor_canvas","meta":{"footnotes":""},"class_list":["post-102","page","type-page","status-publish","hentry"],"_links":{"self":[{"href":"https:\/\/isometradg.com\/sitios%20historicos%20Leon\/index.php\/wp-json\/wp\/v2\/pages\/102","targetHints":{"allow":["GET"]}}],"collection":[{"href":"https:\/\/isometradg.com\/sitios%20historicos%20Leon\/index.php\/wp-json\/wp\/v2\/pages"}],"about":[{"href":"https:\/\/isometradg.com\/sitios%20historicos%20Leon\/index.php\/wp-json\/wp\/v2\/types\/page"}],"author":[{"embeddable":true,"href":"https:\/\/isometradg.com\/sitios%20historicos%20Leon\/index.php\/wp-json\/wp\/v2\/users\/1"}],"replies":[{"embeddable":true,"href":"https:\/\/isometradg.com\/sitios%20historicos%20Leon\/index.php\/wp-json\/wp\/v2\/comments?post=102"}],"version-history":[{"count":7,"href":"https:\/\/isometradg.com\/sitios%20historicos%20Leon\/index.php\/wp-json\/wp\/v2\/pages\/102\/revisions"}],"predecessor-version":[{"id":383,"href":"https:\/\/isometradg.com\/sitios%20historicos%20Leon\/index.php\/wp-json\/wp\/v2\/pages\/102\/revisions\/383"}],"wp:attachment":[{"href":"https:\/\/isometradg.com\/sitios%20historicos%20Leon\/index.php\/wp-json\/wp\/v2\/media?parent=102"}],"curies":[{"name":"wp","href":"https:\/\/api.w.org\/{rel}","templated":true}]}}