{"id":100,"date":"2026-04-15T01:55:22","date_gmt":"2026-04-15T01:55:22","guid":{"rendered":"https:\/\/isometradg.com\/sitios%20historicos%20Leon\/?page_id=100"},"modified":"2026-04-15T06:58:26","modified_gmt":"2026-04-15T06:58:26","slug":"las-covachas","status":"publish","type":"page","link":"https:\/\/isometradg.com\/sitios%20historicos%20Leon\/index.php\/las-covachas\/","title":{"rendered":"Las Covachas"},"content":{"rendered":"\t\t<div data-elementor-type=\"wp-page\" data-elementor-id=\"100\" class=\"elementor elementor-100\" data-elementor-post-type=\"page\">\n\t\t\t\t<div class=\"elementor-element elementor-element-7f614fcc e-flex e-con-boxed e-con e-parent\" data-id=\"7f614fcc\" data-element_type=\"container\" data-e-type=\"container\">\n\t\t\t\t\t<div class=\"e-con-inner\">\n\t\t<div class=\"elementor-element elementor-element-64f43327 e-con-full e-flex e-con e-child\" data-id=\"64f43327\" data-element_type=\"container\" data-e-type=\"container\" data-settings=\"{&quot;background_background&quot;:&quot;classic&quot;}\">\n\t\t\t\t<div class=\"elementor-element elementor-element-427c6603 elementor-widget elementor-widget-button\" data-id=\"427c6603\" data-element_type=\"widget\" data-e-type=\"widget\" data-widget_type=\"button.default\">\n\t\t\t\t\t\t\t\t\t\t<a class=\"elementor-button elementor-button-link elementor-size-sm\" href=\"https:\/\/isometradg.com\/sitios%20historicos%20Leon\/index.php\/sitios-historicos-leon\/\">\n\t\t\t\t\t\t<span class=\"elementor-button-content-wrapper\">\n\t\t\t\t\t\t\t\t\t<span class=\"elementor-button-text\">Inicio<\/span>\n\t\t\t\t\t<\/span>\n\t\t\t\t\t<\/a>\n\t\t\t\t\t\t\t\t<\/div>\n\t\t\t\t<div class=\"elementor-element elementor-element-52f05c6e elementor-widget elementor-widget-button\" data-id=\"52f05c6e\" data-element_type=\"widget\" data-e-type=\"widget\" data-widget_type=\"button.default\">\n\t\t\t\t\t\t\t\t\t\t<a class=\"elementor-button elementor-button-link elementor-size-sm\" href=\"https:\/\/isometradg.com\/sitios%20historicos%20Leon\/index.php\/las-covachas\/#historia\">\n\t\t\t\t\t\t<span class=\"elementor-button-content-wrapper\">\n\t\t\t\t\t\t\t\t\t<span class=\"elementor-button-text\">Historia<\/span>\n\t\t\t\t\t<\/span>\n\t\t\t\t\t<\/a>\n\t\t\t\t\t\t\t\t<\/div>\n\t\t\t\t<div class=\"elementor-element elementor-element-6266afb6 elementor-mobile-align-center elementor-widget-mobile__width-inherit elementor-widget elementor-widget-button\" data-id=\"6266afb6\" data-element_type=\"widget\" data-e-type=\"widget\" data-widget_type=\"button.default\">\n\t\t\t\t\t\t\t\t\t\t<a class=\"elementor-button elementor-button-link elementor-size-sm\" href=\"https:\/\/isometradg.com\/sitios%20historicos%20Leon\/index.php\/las-covachas\/#fotos\">\n\t\t\t\t\t\t<span class=\"elementor-button-content-wrapper\">\n\t\t\t\t\t\t\t\t\t<span class=\"elementor-button-text\">Fotos<\/span>\n\t\t\t\t\t<\/span>\n\t\t\t\t\t<\/a>\n\t\t\t\t\t\t\t\t<\/div>\n\t\t\t\t<div class=\"elementor-element elementor-element-6dda4825 elementor-widget elementor-widget-button\" data-id=\"6dda4825\" data-element_type=\"widget\" data-e-type=\"widget\" data-widget_type=\"button.default\">\n\t\t\t\t\t\t\t\t\t\t<a class=\"elementor-button elementor-button-link elementor-size-sm\" href=\"https:\/\/isometradg.com\/sitios%20historicos%20Leon\/index.php\/las-covachas\/#llegar\">\n\t\t\t\t\t\t<span class=\"elementor-button-content-wrapper\">\n\t\t\t\t\t\t\t\t\t<span class=\"elementor-button-text\">C\u00f3mo llegar<\/span>\n\t\t\t\t\t<\/span>\n\t\t\t\t\t<\/a>\n\t\t\t\t\t\t\t\t<\/div>\n\t\t\t\t<\/div>\n\t\t\t\t\t<\/div>\n\t\t\t\t<\/div>\n\t\t<div class=\"elementor-element elementor-element-4bece819 e-con-full e-flex e-con e-parent\" data-id=\"4bece819\" data-element_type=\"container\" data-e-type=\"container\" data-settings=\"{&quot;background_background&quot;:&quot;classic&quot;}\">\n\t\t<div class=\"elementor-element elementor-element-570047e1 e-con-full e-flex e-con e-child\" data-id=\"570047e1\" data-element_type=\"container\" data-e-type=\"container\" data-settings=\"{&quot;background_background&quot;:&quot;classic&quot;,&quot;background_motion_fx_motion_fx_scrolling&quot;:&quot;yes&quot;,&quot;background_motion_fx_translateY_effect&quot;:&quot;yes&quot;,&quot;background_motion_fx_translateY_speed&quot;:{&quot;unit&quot;:&quot;px&quot;,&quot;size&quot;:10,&quot;sizes&quot;:[]},&quot;background_motion_fx_translateY_affectedRange&quot;:{&quot;unit&quot;:&quot;%&quot;,&quot;size&quot;:&quot;&quot;,&quot;sizes&quot;:{&quot;start&quot;:0,&quot;end&quot;:100}},&quot;background_motion_fx_devices&quot;:[&quot;desktop&quot;,&quot;tablet&quot;,&quot;mobile&quot;]}\">\n\t\t<div class=\"elementor-element elementor-element-272579af e-con-full e-flex elementor-invisible e-con e-child\" data-id=\"272579af\" data-element_type=\"container\" data-e-type=\"container\" data-settings=\"{&quot;background_background&quot;:&quot;classic&quot;,&quot;animation&quot;:&quot;slideInUp&quot;}\">\n\t\t\t\t<div class=\"elementor-element elementor-element-603edc4c elementor-widget elementor-widget-heading\" data-id=\"603edc4c\" data-element_type=\"widget\" data-e-type=\"widget\" data-widget_type=\"heading.default\">\n\t\t\t\t\t<h2 class=\"elementor-heading-title elementor-size-default\">Las Covachas<\/h2>\t\t\t\t<\/div>\n\t\t\t\t<div class=\"elementor-element elementor-element-3bce6c7b elementor-widget elementor-widget-heading\" data-id=\"3bce6c7b\" data-element_type=\"widget\" data-e-type=\"widget\" data-widget_type=\"heading.default\">\n\t\t\t\t\t<h2 class=\"elementor-heading-title elementor-size-default\">Fue el nombre popular del antiguo mercado situado en la colonia Obrera de Le\u00f3n, Gto., caracterizado por peque\u00f1as casitas de venta de alimentos y productos tradicionales. Inaugurado formalmente en 1961, este espacio tradicional se transform\u00f3 el 9 de octubre de 2009 en el actual Mercado Revoluci\u00f3n tras un programa de modernizaci\u00f3n. <\/h2>\t\t\t\t<\/div>\n\t\t\t\t<\/div>\n\t\t\t\t<\/div>\n\t\t\t\t<\/div>\n\t\t<div class=\"elementor-element elementor-element-1c4ad7f1 e-con-full e-flex e-con e-parent\" data-id=\"1c4ad7f1\" data-element_type=\"container\" data-e-type=\"container\">\n\t\t<div class=\"elementor-element elementor-element-5865ad47 e-con-full e-flex e-con e-child\" data-id=\"5865ad47\" data-element_type=\"container\" data-e-type=\"container\" data-settings=\"{&quot;background_background&quot;:&quot;classic&quot;}\">\n\t\t\t\t<div class=\"elementor-element elementor-element-a2b9a0a elementor-widget__width-initial elementor-widget elementor-widget-heading\" data-id=\"a2b9a0a\" data-element_type=\"widget\" data-e-type=\"widget\" id=\"historia\" data-widget_type=\"heading.default\">\n\t\t\t\t\t<h2 class=\"elementor-heading-title elementor-size-default\">Historia<\/h2>\t\t\t\t<\/div>\n\t\t\t\t<\/div>\n\t\t<div class=\"elementor-element elementor-element-7b276c49 e-con-full e-flex e-con e-child\" data-id=\"7b276c49\" data-element_type=\"container\" data-e-type=\"container\">\n\t\t\t\t<div class=\"elementor-element elementor-element-76d0f7e8 elementor-widget__width-initial elementor-widget elementor-widget-heading\" data-id=\"76d0f7e8\" data-element_type=\"widget\" data-e-type=\"widget\" data-widget_type=\"heading.default\">\n\t\t\t\t\t<h2 class=\"elementor-heading-title elementor-size-default\">Origen: El lugar surgi\u00f3 como una zona de comerciantes tradicionales en la colonia Obrera, una de las m\u00e1s antiguas de Le\u00f3n, conocida por sus \"covachas\" o puestos peque\u00f1os.\nIdentidad: Era un punto de encuentro popular donde se ofrec\u00edan tacos, frutas, verduras y desayunos, convirti\u00e9ndose en un \u00edcono de la vida cotidiana leonesa.\nTransformaci\u00f3n (2009): Tras a\u00f1os de servicio, el mercado fue remodelado bajo el programa \"Mi Plaza\" de los gobiernos municipal y estatal, inaugur\u00e1ndo como el moderno Mercado Revoluci\u00f3n el 9 de octubre de 2009, aunque muchos locatarios antiguos mantuvieron la tradici\u00f3n.\nActualidad: A pesar de los retos, como la pandemia del COVID-19 en 2020, el mercado sigue operando, preservando la memoria de la antigua zona comercial. <\/h2>\t\t\t\t<\/div>\n\t\t\t\t<div class=\"elementor-element elementor-element-260b84d6 elementor-invisible elementor-widget elementor-widget-image\" data-id=\"260b84d6\" data-element_type=\"widget\" data-e-type=\"widget\" data-settings=\"{&quot;_animation&quot;:&quot;fadeInRight&quot;}\" data-widget_type=\"image.default\">\n\t\t\t\t\t\t\t\t\t\t\t\t\t\t\t<img decoding=\"async\" src=\"https:\/\/isometradg.com\/sitios%20historicos%20Leon\/wp-content\/uploads\/elementor\/thumbs\/covachas-2-rm16askmedyrvywj9oo5qtdwr4oorp7mt0bf9o5ifc.jpg\" title=\"covachas 2\" alt=\"covachas 2\" loading=\"lazy\" \/>\t\t\t\t\t\t\t\t\t\t\t\t\t\t\t<\/div>\n\t\t\t\t<\/div>\n\t\t<div class=\"elementor-element elementor-element-5feddc36 e-con-full e-flex e-con e-child\" data-id=\"5feddc36\" data-element_type=\"container\" data-e-type=\"container\">\n\t\t\t\t<div class=\"elementor-element elementor-element-17e74823 elementor-invisible elementor-widget elementor-widget-image\" data-id=\"17e74823\" data-element_type=\"widget\" data-e-type=\"widget\" data-settings=\"{&quot;_animation&quot;:&quot;fadeInLeft&quot;}\" data-widget_type=\"image.default\">\n\t\t\t\t\t\t\t\t\t\t\t\t\t\t\t<img decoding=\"async\" src=\"https:\/\/isometradg.com\/sitios%20historicos%20Leon\/wp-content\/uploads\/elementor\/thumbs\/covachas-3-rm16askmedyrvywj9oo5qtdwr4oorp7mt0bf9o5ifc.jpg\" title=\"covachas 3\" alt=\"covachas 3\" loading=\"lazy\" \/>\t\t\t\t\t\t\t\t\t\t\t\t\t\t\t<\/div>\n\t\t\t\t<div class=\"elementor-element elementor-element-67dab9e4 elementor-widget__width-initial elementor-widget elementor-widget-heading\" data-id=\"67dab9e4\" data-element_type=\"widget\" data-e-type=\"widget\" data-widget_type=\"heading.default\">\n\t\t\t\t\t<h2 class=\"elementor-heading-title elementor-size-default\">Aunque el t\u00e9rmino \"covachas\" en el contexto de Le\u00f3n, Gto., se refiere principalmente a este mercado, el concepto hist\u00f3rico de \"covachas\" o eremitorios tambi\u00e9n se asocia a construcciones religiosas antiguas o cuevas, seg\u00fan indican hallazgos hist\u00f3ricos. Sin embargo, la referencia directa en Le\u00f3n es el Mercado Revoluci\u00f3n.\n<\/h2>\t\t\t\t<\/div>\n\t\t\t\t<\/div>\n\t\t<div class=\"elementor-element elementor-element-59ad8c76 e-con-full e-flex e-con e-child\" data-id=\"59ad8c76\" data-element_type=\"container\" data-e-type=\"container\" data-settings=\"{&quot;background_background&quot;:&quot;classic&quot;}\">\n\t\t\t\t<div class=\"elementor-element elementor-element-67a1ba10 elementor-widget__width-initial elementor-widget elementor-widget-heading\" data-id=\"67a1ba10\" data-element_type=\"widget\" data-e-type=\"widget\" id=\"fotos\" data-widget_type=\"heading.default\">\n\t\t\t\t\t<h2 class=\"elementor-heading-title elementor-size-default\">Fotos<\/h2>\t\t\t\t<\/div>\n\t\t\t\t<\/div>\n\t\t\t\t<div class=\"elementor-element elementor-element-55fb9cb0 elementor-arrows-position-inside elementor-pagination-position-outside elementor-widget elementor-widget-image-carousel\" data-id=\"55fb9cb0\" data-element_type=\"widget\" data-e-type=\"widget\" data-settings=\"{&quot;slides_to_show&quot;:&quot;3&quot;,&quot;slides_to_scroll&quot;:&quot;1&quot;,&quot;lazyload&quot;:&quot;yes&quot;,&quot;autoplay_speed&quot;:0,&quot;speed&quot;:9000,&quot;navigation&quot;:&quot;both&quot;,&quot;autoplay&quot;:&quot;yes&quot;,&quot;pause_on_interaction&quot;:&quot;yes&quot;,&quot;infinite&quot;:&quot;yes&quot;}\" data-widget_type=\"image-carousel.default\">\n\t\t\t\t\t\t\t<div class=\"elementor-image-carousel-wrapper swiper\" role=\"region\" aria-roledescription=\"carousel\" aria-label=\"Image Carousel\" dir=\"ltr\">\n\t\t\t<div class=\"elementor-image-carousel swiper-wrapper\" aria-live=\"off\">\n\t\t\t\t\t\t\t\t<div class=\"swiper-slide\" role=\"group\" aria-roledescription=\"slide\" aria-label=\"1 of 7\"><figure class=\"swiper-slide-inner\"><img class=\"swiper-slide-image swiper-lazy\" data-src=\"https:\/\/isometradg.com\/sitios%20historicos%20Leon\/wp-content\/uploads\/elementor\/thumbs\/covachas-5-rm16b114w1hx6geihdgmr6ep29bd17xhydlmfrbqu8.jpg\" alt=\"covachas 5\" \/><div class=\"swiper-lazy-preloader\"><\/div><\/figure><\/div><div class=\"swiper-slide\" role=\"group\" aria-roledescription=\"slide\" aria-label=\"2 of 7\"><figure class=\"swiper-slide-inner\"><img class=\"swiper-slide-image swiper-lazy\" data-src=\"https:\/\/isometradg.com\/sitios%20historicos%20Leon\/wp-content\/uploads\/elementor\/thumbs\/covachas-rm16b114w1hx6geihdgmr6ep29bd17xhydlmfrbqu8.jpg\" alt=\"covachas\" \/><div class=\"swiper-lazy-preloader\"><\/div><\/figure><\/div><div class=\"swiper-slide\" role=\"group\" aria-roledescription=\"slide\" aria-label=\"3 of 7\"><figure class=\"swiper-slide-inner\"><img class=\"swiper-slide-image swiper-lazy\" data-src=\"https:\/\/isometradg.com\/sitios%20historicos%20Leon\/wp-content\/uploads\/elementor\/thumbs\/covachas-4-1-rm16b03ap7gmuufvmv206on8gvfztitrm8y4yhd50g.jpg\" alt=\"covachas 4\" \/><div class=\"swiper-lazy-preloader\"><\/div><\/figure><\/div><div class=\"swiper-slide\" role=\"group\" aria-roledescription=\"slide\" aria-label=\"4 of 7\"><figure class=\"swiper-slide-inner\"><img class=\"swiper-slide-image swiper-lazy\" data-src=\"https:\/\/isometradg.com\/sitios%20historicos%20Leon\/wp-content\/uploads\/elementor\/thumbs\/covachas-4-rm16atifdd7mlkpfpa7m78b0b6cfbn3n9cdqljmw80.jpg\" alt=\"covachas 4\" \/><div class=\"swiper-lazy-preloader\"><\/div><\/figure><\/div><div class=\"swiper-slide\" role=\"group\" aria-roledescription=\"slide\" aria-label=\"5 of 7\"><figure class=\"swiper-slide-inner\"><img class=\"swiper-slide-image swiper-lazy\" data-src=\"https:\/\/isometradg.com\/sitios%20historicos%20Leon\/wp-content\/uploads\/elementor\/thumbs\/covachas-3-rm16askl6j6c9yqsurszmqjjpsh23xzwx7q949oae8.jpg\" alt=\"covachas 3\" \/><div class=\"swiper-lazy-preloader\"><\/div><\/figure><\/div><div class=\"swiper-slide\" role=\"group\" aria-roledescription=\"slide\" aria-label=\"6 of 7\"><figure class=\"swiper-slide-inner\"><img class=\"swiper-slide-image swiper-lazy\" data-src=\"https:\/\/isometradg.com\/sitios%20historicos%20Leon\/wp-content\/uploads\/elementor\/thumbs\/covachas-2-rm16askl6j6c9yqsurszmqjjpsh23xzwx7q949oae8.jpg\" alt=\"covachas 2\" \/><div class=\"swiper-lazy-preloader\"><\/div><\/figure><\/div><div class=\"swiper-slide\" role=\"group\" aria-roledescription=\"slide\" aria-label=\"7 of 7\"><figure class=\"swiper-slide-inner\"><img class=\"swiper-slide-image swiper-lazy\" data-src=\"https:\/\/isometradg.com\/sitios%20historicos%20Leon\/wp-content\/uploads\/elementor\/thumbs\/covachas-1-rm16armqzp51ycs609ed28s34elow8w6l32rmzpokg.jpg\" alt=\"covachas 1\" \/><div class=\"swiper-lazy-preloader\"><\/div><\/figure><\/div>\t\t\t<\/div>\n\t\t\t\t\t\t\t\t\t\t\t\t<div class=\"elementor-swiper-button elementor-swiper-button-prev\" role=\"button\" tabindex=\"0\">\n\t\t\t\t\t\t<svg aria-hidden=\"true\" class=\"e-font-icon-svg e-eicon-chevron-left\" viewBox=\"0 0 1000 1000\" xmlns=\"http:\/\/www.w3.org\/2000\/svg\"><path d=\"M646 125C629 125 613 133 604 142L308 442C296 454 292 471 292 487 292 504 296 521 308 533L604 854C617 867 629 875 646 875 663 875 679 871 692 858 704 846 713 829 713 812 713 796 708 779 692 767L438 487 692 225C700 217 708 204 708 187 708 171 704 154 692 142 675 129 663 125 646 125Z\"><\/path><\/svg>\t\t\t\t\t<\/div>\n\t\t\t\t\t<div class=\"elementor-swiper-button elementor-swiper-button-next\" role=\"button\" tabindex=\"0\">\n\t\t\t\t\t\t<svg aria-hidden=\"true\" class=\"e-font-icon-svg e-eicon-chevron-right\" viewBox=\"0 0 1000 1000\" xmlns=\"http:\/\/www.w3.org\/2000\/svg\"><path d=\"M696 533C708 521 713 504 713 487 713 471 708 454 696 446L400 146C388 133 375 125 354 125 338 125 325 129 313 142 300 154 292 171 292 187 292 204 296 221 308 233L563 492 304 771C292 783 288 800 288 817 288 833 296 850 308 863 321 871 338 875 354 875 371 875 388 867 400 854L696 533Z\"><\/path><\/svg>\t\t\t\t\t<\/div>\n\t\t\t\t\n\t\t\t\t\t\t\t\t\t<div class=\"swiper-pagination\"><\/div>\n\t\t\t\t\t\t\t\t\t<\/div>\n\t\t\t\t\t\t<\/div>\n\t\t<div class=\"elementor-element elementor-element-53735ae6 e-con-full e-flex e-con e-child\" data-id=\"53735ae6\" data-element_type=\"container\" data-e-type=\"container\" data-settings=\"{&quot;background_background&quot;:&quot;classic&quot;}\">\n\t\t\t\t<div class=\"elementor-element elementor-element-18ae74ed elementor-widget__width-initial elementor-widget-mobile__width-initial elementor-widget elementor-widget-heading\" data-id=\"18ae74ed\" data-element_type=\"widget\" data-e-type=\"widget\" id=\"llegar\" data-widget_type=\"heading.default\">\n\t\t\t\t\t<h2 class=\"elementor-heading-title elementor-size-default\">C\u00f3mo llegar<\/h2>\t\t\t\t<\/div>\n\t\t\t\t<\/div>\n\t\t\t\t<div class=\"elementor-element elementor-element-6ea03898 elementor-widget elementor-widget-google_maps\" data-id=\"6ea03898\" data-element_type=\"widget\" data-e-type=\"widget\" data-widget_type=\"google_maps.default\">\n\t\t\t\t\t\t\t<div class=\"elementor-custom-embed\">\n\t\t\t<iframe loading=\"lazy\"\n\t\t\t\t\tsrc=\"https:\/\/maps.google.com\/maps?q=Rep%C3%BAblica%20de%20Brasil%20529%2C%20Obrera%2C%2037340%20Le%C3%B3n%20de%20los%20Aldama%2C%20Gto.&#038;t=m&#038;z=15&#038;output=embed&#038;iwloc=near\"\n\t\t\t\t\ttitle=\"Rep\u00fablica de Brasil 529, Obrera, 37340 Le\u00f3n de los Aldama, Gto.\"\n\t\t\t\t\taria-label=\"Rep\u00fablica de Brasil 529, Obrera, 37340 Le\u00f3n de los Aldama, Gto.\"\n\t\t\t><\/iframe>\n\t\t<\/div>\n\t\t\t\t\t\t<\/div>\n\t\t\t\t<\/div>\n\t\t\t\t<\/div>\n\t\t","protected":false},"excerpt":{"rendered":"<p>Inicio Historia Fotos C\u00f3mo llegar Las Covachas Fue el nombre popular del antiguo mercado situado en la colonia Obrera de Le\u00f3n, Gto., caracterizado por peque\u00f1as casitas de venta de alimentos y productos tradicionales. Inaugurado formalmente en 1961, este espacio tradicional se transform\u00f3 el 9 de octubre de 2009 en el actual Mercado Revoluci\u00f3n tras un [&hellip;]<\/p>\n","protected":false},"author":1,"featured_media":0,"parent":0,"menu_order":0,"comment_status":"closed","ping_status":"closed","template":"elementor_canvas","meta":{"footnotes":""},"class_list":["post-100","page","type-page","status-publish","hentry"],"_links":{"self":[{"href":"https:\/\/isometradg.com\/sitios%20historicos%20Leon\/index.php\/wp-json\/wp\/v2\/pages\/100","targetHints":{"allow":["GET"]}}],"collection":[{"href":"https:\/\/isometradg.com\/sitios%20historicos%20Leon\/index.php\/wp-json\/wp\/v2\/pages"}],"about":[{"href":"https:\/\/isometradg.com\/sitios%20historicos%20Leon\/index.php\/wp-json\/wp\/v2\/types\/page"}],"author":[{"embeddable":true,"href":"https:\/\/isometradg.com\/sitios%20historicos%20Leon\/index.php\/wp-json\/wp\/v2\/users\/1"}],"replies":[{"embeddable":true,"href":"https:\/\/isometradg.com\/sitios%20historicos%20Leon\/index.php\/wp-json\/wp\/v2\/comments?post=100"}],"version-history":[{"count":4,"href":"https:\/\/isometradg.com\/sitios%20historicos%20Leon\/index.php\/wp-json\/wp\/v2\/pages\/100\/revisions"}],"predecessor-version":[{"id":249,"href":"https:\/\/isometradg.com\/sitios%20historicos%20Leon\/index.php\/wp-json\/wp\/v2\/pages\/100\/revisions\/249"}],"wp:attachment":[{"href":"https:\/\/isometradg.com\/sitios%20historicos%20Leon\/index.php\/wp-json\/wp\/v2\/media?parent=100"}],"curies":[{"name":"wp","href":"https:\/\/api.w.org\/{rel}","templated":true}]}}